{"id":2924,"date":"2023-01-29T13:25:31","date_gmt":"2023-01-29T12:25:31","guid":{"rendered":"https:\/\/tramoetv.se\/visjon-og-oppdrag-for-transformatorer-og-induktorer\/"},"modified":"2025-09-02T15:33:24","modified_gmt":"2025-09-02T13:33:24","slug":"visjon-og-oppdrag-for-transformatorer-og-induktorer","status":"publish","type":"page","link":"https:\/\/tramoetv.se\/no\/visjon-og-oppdrag-for-transformatorer-og-induktorer\/","title":{"rendered":"Visjon og oppdrag for transformatorer og induktorer"},"content":{"rendered":"<div id=\"cs-content\" class=\"cs-content\"><\/div>\n","protected":false},"excerpt":{"rendered":"<p>Visjon Vi skal v\u00e6re en leverand\u00f8r av kundetilpassede transformatorer og induktorer til alle typer applikasjoner, b\u00e5de eksisterende og nye, med fokus p\u00e5 elektrifisering. Vi skal ogs\u00e5 v\u00e6re et lokalt alternativ for \u00e5 bedre forutsetningene for et b\u00e6rekraftig samfunn. Oppdragsbeskrivelse Oppdrags- beskrivelse Vi skal v\u00e6re den beste og raskeste leverand\u00f8ren av kundetilpassede transformatorer og induktorer i Nord-Europa.Kundeverdier Enkelhet &#8211; vi anses som sv\u00e6rt enkle \u00e5 samarbeide med, og vi har lang erfaring med et bredt spekter &#8230; <a href=\"https:\/\/tramoetv.se\/no\/visjon-og-oppdrag-for-transformatorer-og-induktorer\/\" class=\"more-link\">Read More<\/a><\/p>\n","protected":false},"author":1,"featured_media":0,"parent":0,"menu_order":0,"comment_status":"closed","ping_status":"closed","template":"template-blank-4.php","meta":{"footnotes":""},"class_list":["post-2924","page","type-page","status-publish","hentry","no-post-thumbnail"],"yoast_head":"<!-- This site is optimized with the Yoast SEO plugin v27.3 - https:\/\/yoast.com\/product\/yoast-seo-wordpress\/ -->\n<title>Visjon og oppdrag for transformatorer og induktorer - Tramo<\/title>\n<meta name=\"robots\" content=\"index, follow, max-snippet:-1, max-image-preview:large, max-video-preview:-1\" \/>\n<link rel=\"canonical\" href=\"https:\/\/tramoetv.se\/no\/visjon-og-oppdrag-for-transformatorer-og-induktorer\/\" \/>\n<meta property=\"og:locale\" content=\"nb_NO\" \/>\n<meta property=\"og:type\" content=\"article\" \/>\n<meta property=\"og:title\" content=\"Visjon og oppdrag for transformatorer og induktorer - Tramo\" \/>\n<meta property=\"og:description\" content=\"Visjon Vi skal v\u00e6re en leverand\u00f8r av kundetilpassede transformatorer og induktorer til alle typer applikasjoner, b\u00e5de eksisterende og nye, med fokus p\u00e5 elektrifisering. Vi skal ogs\u00e5 v\u00e6re et lokalt alternativ for \u00e5 bedre forutsetningene for et b\u00e6rekraftig samfunn. Oppdragsbeskrivelse Oppdrags- beskrivelse Vi skal v\u00e6re den beste og raskeste leverand\u00f8ren av kundetilpassede transformatorer og induktorer i Nord-Europa.Kundeverdier Enkelhet - vi anses som sv\u00e6rt enkle \u00e5 samarbeide med, og vi har lang erfaring med et bredt spekter ... Read More\" \/>\n<meta property=\"og:url\" content=\"https:\/\/tramoetv.se\/no\/visjon-og-oppdrag-for-transformatorer-og-induktorer\/\" \/>\n<meta property=\"og:site_name\" content=\"Tramo\" \/>\n<meta property=\"article:modified_time\" content=\"2025-09-02T13:33:24+00:00\" \/>\n<meta name=\"twitter:card\" content=\"summary_large_image\" \/>\n<meta name=\"twitter:label1\" content=\"Ansl. lesetid\" \/>\n\t<meta name=\"twitter:data1\" content=\"2 minutter\" \/>\n<script type=\"application\/ld+json\" class=\"yoast-schema-graph\">{\"@context\":\"https:\\\/\\\/schema.org\",\"@graph\":[{\"@type\":\"WebPage\",\"@id\":\"https:\\\/\\\/tramoetv.se\\\/no\\\/visjon-og-oppdrag-for-transformatorer-og-induktorer\\\/\",\"url\":\"https:\\\/\\\/tramoetv.se\\\/no\\\/visjon-og-oppdrag-for-transformatorer-og-induktorer\\\/\",\"name\":\"Visjon og oppdrag for transformatorer og induktorer - Tramo\",\"isPartOf\":{\"@id\":\"https:\\\/\\\/tramoetv.se\\\/no\\\/#website\"},\"datePublished\":\"2023-01-29T12:25:31+00:00\",\"dateModified\":\"2025-09-02T13:33:24+00:00\",\"breadcrumb\":{\"@id\":\"https:\\\/\\\/tramoetv.se\\\/no\\\/visjon-og-oppdrag-for-transformatorer-og-induktorer\\\/#breadcrumb\"},\"inLanguage\":\"nb-NO\",\"potentialAction\":[{\"@type\":\"ReadAction\",\"target\":[\"https:\\\/\\\/tramoetv.se\\\/no\\\/visjon-og-oppdrag-for-transformatorer-og-induktorer\\\/\"]}]},{\"@type\":\"BreadcrumbList\",\"@id\":\"https:\\\/\\\/tramoetv.se\\\/no\\\/visjon-og-oppdrag-for-transformatorer-og-induktorer\\\/#breadcrumb\",\"itemListElement\":[{\"@type\":\"ListItem\",\"position\":1,\"name\":\"Hem\",\"item\":\"https:\\\/\\\/tramoetv.se\\\/no\\\/produserer-transformatorer-induktorer-filtre-og-drossler\\\/\"},{\"@type\":\"ListItem\",\"position\":2,\"name\":\"Visjon og oppdrag for transformatorer og induktorer\"}]},{\"@type\":\"WebSite\",\"@id\":\"https:\\\/\\\/tramoetv.se\\\/no\\\/#website\",\"url\":\"https:\\\/\\\/tramoetv.se\\\/no\\\/\",\"name\":\"Tramo ETV\",\"description\":\"Transforming the world\",\"publisher\":{\"@id\":\"https:\\\/\\\/tramoetv.se\\\/no\\\/#organization\"},\"potentialAction\":[{\"@type\":\"SearchAction\",\"target\":{\"@type\":\"EntryPoint\",\"urlTemplate\":\"https:\\\/\\\/tramoetv.se\\\/no\\\/?s={search_term_string}\"},\"query-input\":{\"@type\":\"PropertyValueSpecification\",\"valueRequired\":true,\"valueName\":\"search_term_string\"}}],\"inLanguage\":\"nb-NO\"},{\"@type\":\"Organization\",\"@id\":\"https:\\\/\\\/tramoetv.se\\\/no\\\/#organization\",\"name\":\"Tramo ETV AB\",\"url\":\"https:\\\/\\\/tramoetv.se\\\/no\\\/\",\"logo\":{\"@type\":\"ImageObject\",\"inLanguage\":\"nb-NO\",\"@id\":\"https:\\\/\\\/tramoetv.se\\\/no\\\/#\\\/schema\\\/logo\\\/image\\\/\",\"url\":\"https:\\\/\\\/tramoetv.se\\\/wp-content\\\/uploads\\\/2023\\\/01\\\/Tramo_logga_gron_800px.png\",\"contentUrl\":\"https:\\\/\\\/tramoetv.se\\\/wp-content\\\/uploads\\\/2023\\\/01\\\/Tramo_logga_gron_800px.png\",\"width\":800,\"height\":104,\"caption\":\"Tramo ETV AB\"},\"image\":{\"@id\":\"https:\\\/\\\/tramoetv.se\\\/no\\\/#\\\/schema\\\/logo\\\/image\\\/\"},\"sameAs\":[\"https:\\\/\\\/www.linkedin.com\\\/company\\\/tramo-etv-ab\\\/\"]}]}<\/script>\n<!-- \/ Yoast SEO plugin. -->","yoast_head_json":{"title":"Visjon og oppdrag for transformatorer og induktorer - Tramo","robots":{"index":"index","follow":"follow","max-snippet":"max-snippet:-1","max-image-preview":"max-image-preview:large","max-video-preview":"max-video-preview:-1"},"canonical":"https:\/\/tramoetv.se\/no\/visjon-og-oppdrag-for-transformatorer-og-induktorer\/","og_locale":"nb_NO","og_type":"article","og_title":"Visjon og oppdrag for transformatorer og induktorer - Tramo","og_description":"Visjon Vi skal v\u00e6re en leverand\u00f8r av kundetilpassede transformatorer og induktorer til alle typer applikasjoner, b\u00e5de eksisterende og nye, med fokus p\u00e5 elektrifisering. Vi skal ogs\u00e5 v\u00e6re et lokalt alternativ for \u00e5 bedre forutsetningene for et b\u00e6rekraftig samfunn. Oppdragsbeskrivelse Oppdrags- beskrivelse Vi skal v\u00e6re den beste og raskeste leverand\u00f8ren av kundetilpassede transformatorer og induktorer i Nord-Europa.Kundeverdier Enkelhet - vi anses som sv\u00e6rt enkle \u00e5 samarbeide med, og vi har lang erfaring med et bredt spekter ... Read More","og_url":"https:\/\/tramoetv.se\/no\/visjon-og-oppdrag-for-transformatorer-og-induktorer\/","og_site_name":"Tramo","article_modified_time":"2025-09-02T13:33:24+00:00","twitter_card":"summary_large_image","twitter_misc":{"Ansl. lesetid":"2 minutter"},"schema":{"@context":"https:\/\/schema.org","@graph":[{"@type":"WebPage","@id":"https:\/\/tramoetv.se\/no\/visjon-og-oppdrag-for-transformatorer-og-induktorer\/","url":"https:\/\/tramoetv.se\/no\/visjon-og-oppdrag-for-transformatorer-og-induktorer\/","name":"Visjon og oppdrag for transformatorer og induktorer - Tramo","isPartOf":{"@id":"https:\/\/tramoetv.se\/no\/#website"},"datePublished":"2023-01-29T12:25:31+00:00","dateModified":"2025-09-02T13:33:24+00:00","breadcrumb":{"@id":"https:\/\/tramoetv.se\/no\/visjon-og-oppdrag-for-transformatorer-og-induktorer\/#breadcrumb"},"inLanguage":"nb-NO","potentialAction":[{"@type":"ReadAction","target":["https:\/\/tramoetv.se\/no\/visjon-og-oppdrag-for-transformatorer-og-induktorer\/"]}]},{"@type":"BreadcrumbList","@id":"https:\/\/tramoetv.se\/no\/visjon-og-oppdrag-for-transformatorer-og-induktorer\/#breadcrumb","itemListElement":[{"@type":"ListItem","position":1,"name":"Hem","item":"https:\/\/tramoetv.se\/no\/produserer-transformatorer-induktorer-filtre-og-drossler\/"},{"@type":"ListItem","position":2,"name":"Visjon og oppdrag for transformatorer og induktorer"}]},{"@type":"WebSite","@id":"https:\/\/tramoetv.se\/no\/#website","url":"https:\/\/tramoetv.se\/no\/","name":"Tramo ETV","description":"Transforming the world","publisher":{"@id":"https:\/\/tramoetv.se\/no\/#organization"},"potentialAction":[{"@type":"SearchAction","target":{"@type":"EntryPoint","urlTemplate":"https:\/\/tramoetv.se\/no\/?s={search_term_string}"},"query-input":{"@type":"PropertyValueSpecification","valueRequired":true,"valueName":"search_term_string"}}],"inLanguage":"nb-NO"},{"@type":"Organization","@id":"https:\/\/tramoetv.se\/no\/#organization","name":"Tramo ETV AB","url":"https:\/\/tramoetv.se\/no\/","logo":{"@type":"ImageObject","inLanguage":"nb-NO","@id":"https:\/\/tramoetv.se\/no\/#\/schema\/logo\/image\/","url":"https:\/\/tramoetv.se\/wp-content\/uploads\/2023\/01\/Tramo_logga_gron_800px.png","contentUrl":"https:\/\/tramoetv.se\/wp-content\/uploads\/2023\/01\/Tramo_logga_gron_800px.png","width":800,"height":104,"caption":"Tramo ETV AB"},"image":{"@id":"https:\/\/tramoetv.se\/no\/#\/schema\/logo\/image\/"},"sameAs":["https:\/\/www.linkedin.com\/company\/tramo-etv-ab\/"]}]}},"_links":{"self":[{"href":"https:\/\/tramoetv.se\/no\/wp-json\/wp\/v2\/pages\/2924","targetHints":{"allow":["GET"]}}],"collection":[{"href":"https:\/\/tramoetv.se\/no\/wp-json\/wp\/v2\/pages"}],"about":[{"href":"https:\/\/tramoetv.se\/no\/wp-json\/wp\/v2\/types\/page"}],"author":[{"embeddable":true,"href":"https:\/\/tramoetv.se\/no\/wp-json\/wp\/v2\/users\/1"}],"replies":[{"embeddable":true,"href":"https:\/\/tramoetv.se\/no\/wp-json\/wp\/v2\/comments?post=2924"}],"version-history":[{"count":12,"href":"https:\/\/tramoetv.se\/no\/wp-json\/wp\/v2\/pages\/2924\/revisions"}],"predecessor-version":[{"id":3110,"href":"https:\/\/tramoetv.se\/no\/wp-json\/wp\/v2\/pages\/2924\/revisions\/3110"}],"wp:attachment":[{"href":"https:\/\/tramoetv.se\/no\/wp-json\/wp\/v2\/media?parent=2924"}],"curies":[{"name":"wp","href":"https:\/\/api.w.org\/{rel}","templated":true}]}}