{"id":2935,"date":"2024-05-21T19:42:01","date_gmt":"2024-05-21T17:42:01","guid":{"rendered":"https:\/\/tramoetv.se\/foresporsel-om-tilbud-pa-transformatorer\/"},"modified":"2025-10-02T19:48:32","modified_gmt":"2025-10-02T17:48:32","slug":"foresporsel-om-tilbud-pa-transformatorer","status":"publish","type":"page","link":"https:\/\/tramoetv.se\/no\/foresporsel-om-tilbud-pa-transformatorer\/","title":{"rendered":"Foresp\u00f8rsel om tilbud p\u00e5 transformatorer"},"content":{"rendered":"<div id=\"cs-content\" class=\"cs-content\"><\/div>\n","protected":false},"excerpt":{"rendered":"<p>Transformatorer av h\u00f8y kvalitet V\u00e5rt utvalg av lavspenningstransformatorer er omfattende og spenner fra 15 VA opp til 200 kVA. Vi tilbyr et bredt utvalg av transformatorer som er skreddersydd for ulike bruksomr\u00e5der. Tramo ETV er kjent for sin fleksibilitet, og vi skreddersyr transformatorer til kundespesifikke behov.Foresp\u00f8rsel om pristilbud Fyll ut skjemaet p\u00e5 denne siden, s\u00e5 kommer vi raskt tilbake til deg. Vet du hva du trenger? Send oss din bestilling direkte her!TRAFOAKUTES Hos Tramo ETV &#8230; <a href=\"https:\/\/tramoetv.se\/no\/foresporsel-om-tilbud-pa-transformatorer\/\" class=\"more-link\">Read More<\/a><\/p>\n","protected":false},"author":1,"featured_media":0,"parent":0,"menu_order":0,"comment_status":"closed","ping_status":"closed","template":"","meta":{"footnotes":""},"class_list":["post-2935","page","type-page","status-publish","hentry","no-post-thumbnail"],"yoast_head":"<!-- This site is optimized with the Yoast SEO plugin v27.5 - https:\/\/yoast.com\/product\/yoast-seo-wordpress\/ -->\n<title>Foresp\u00f8rsel om tilbud p\u00e5 transformatorer - Tramo<\/title>\n<meta name=\"robots\" content=\"index, follow, max-snippet:-1, max-image-preview:large, max-video-preview:-1\" \/>\n<link rel=\"canonical\" href=\"https:\/\/tramoetv.se\/no\/foresporsel-om-tilbud-pa-transformatorer\/\" \/>\n<meta property=\"og:locale\" content=\"nb_NO\" \/>\n<meta property=\"og:type\" content=\"article\" \/>\n<meta property=\"og:title\" content=\"Foresp\u00f8rsel om tilbud p\u00e5 transformatorer - Tramo\" \/>\n<meta property=\"og:description\" content=\"Transformatorer av h\u00f8y kvalitet V\u00e5rt utvalg av lavspenningstransformatorer er omfattende og spenner fra 15 VA opp til 200 kVA. Vi tilbyr et bredt utvalg av transformatorer som er skreddersydd for ulike bruksomr\u00e5der. Tramo ETV er kjent for sin fleksibilitet, og vi skreddersyr transformatorer til kundespesifikke behov.Foresp\u00f8rsel om pristilbud Fyll ut skjemaet p\u00e5 denne siden, s\u00e5 kommer vi raskt tilbake til deg. Vet du hva du trenger? Send oss din bestilling direkte her!TRAFOAKUTES Hos Tramo ETV ... Read More\" \/>\n<meta property=\"og:url\" content=\"https:\/\/tramoetv.se\/no\/foresporsel-om-tilbud-pa-transformatorer\/\" \/>\n<meta property=\"og:site_name\" content=\"Tramo\" \/>\n<meta property=\"article:modified_time\" content=\"2025-10-02T17:48:32+00:00\" \/>\n<meta name=\"twitter:card\" content=\"summary_large_image\" \/>\n<meta name=\"twitter:label1\" content=\"Ansl. lesetid\" \/>\n\t<meta name=\"twitter:data1\" content=\"3 minutter\" \/>\n<script type=\"application\/ld+json\" class=\"yoast-schema-graph\">{\"@context\":\"https:\\\/\\\/schema.org\",\"@graph\":[{\"@type\":\"WebPage\",\"@id\":\"https:\\\/\\\/tramoetv.se\\\/no\\\/foresporsel-om-tilbud-pa-transformatorer\\\/\",\"url\":\"https:\\\/\\\/tramoetv.se\\\/no\\\/foresporsel-om-tilbud-pa-transformatorer\\\/\",\"name\":\"Foresp\u00f8rsel om tilbud p\u00e5 transformatorer - Tramo\",\"isPartOf\":{\"@id\":\"https:\\\/\\\/tramoetv.se\\\/no\\\/#website\"},\"datePublished\":\"2024-05-21T17:42:01+00:00\",\"dateModified\":\"2025-10-02T17:48:32+00:00\",\"breadcrumb\":{\"@id\":\"https:\\\/\\\/tramoetv.se\\\/no\\\/foresporsel-om-tilbud-pa-transformatorer\\\/#breadcrumb\"},\"inLanguage\":\"nb-NO\",\"potentialAction\":[{\"@type\":\"ReadAction\",\"target\":[\"https:\\\/\\\/tramoetv.se\\\/no\\\/foresporsel-om-tilbud-pa-transformatorer\\\/\"]}]},{\"@type\":\"BreadcrumbList\",\"@id\":\"https:\\\/\\\/tramoetv.se\\\/no\\\/foresporsel-om-tilbud-pa-transformatorer\\\/#breadcrumb\",\"itemListElement\":[{\"@type\":\"ListItem\",\"position\":1,\"name\":\"Hem\",\"item\":\"https:\\\/\\\/tramoetv.se\\\/no\\\/produserer-transformatorer-induktorer-filtre-og-drossler\\\/\"},{\"@type\":\"ListItem\",\"position\":2,\"name\":\"Foresp\u00f8rsel om tilbud p\u00e5 transformatorer\"}]},{\"@type\":\"WebSite\",\"@id\":\"https:\\\/\\\/tramoetv.se\\\/no\\\/#website\",\"url\":\"https:\\\/\\\/tramoetv.se\\\/no\\\/\",\"name\":\"Tramo ETV\",\"description\":\"Transforming the world\",\"publisher\":{\"@id\":\"https:\\\/\\\/tramoetv.se\\\/no\\\/#organization\"},\"potentialAction\":[{\"@type\":\"SearchAction\",\"target\":{\"@type\":\"EntryPoint\",\"urlTemplate\":\"https:\\\/\\\/tramoetv.se\\\/no\\\/?s={search_term_string}\"},\"query-input\":{\"@type\":\"PropertyValueSpecification\",\"valueRequired\":true,\"valueName\":\"search_term_string\"}}],\"inLanguage\":\"nb-NO\"},{\"@type\":\"Organization\",\"@id\":\"https:\\\/\\\/tramoetv.se\\\/no\\\/#organization\",\"name\":\"Tramo ETV AB\",\"url\":\"https:\\\/\\\/tramoetv.se\\\/no\\\/\",\"logo\":{\"@type\":\"ImageObject\",\"inLanguage\":\"nb-NO\",\"@id\":\"https:\\\/\\\/tramoetv.se\\\/no\\\/#\\\/schema\\\/logo\\\/image\\\/\",\"url\":\"https:\\\/\\\/tramoetv.se\\\/wp-content\\\/uploads\\\/2023\\\/01\\\/Tramo_logga_gron_800px.png\",\"contentUrl\":\"https:\\\/\\\/tramoetv.se\\\/wp-content\\\/uploads\\\/2023\\\/01\\\/Tramo_logga_gron_800px.png\",\"width\":800,\"height\":104,\"caption\":\"Tramo ETV AB\"},\"image\":{\"@id\":\"https:\\\/\\\/tramoetv.se\\\/no\\\/#\\\/schema\\\/logo\\\/image\\\/\"},\"sameAs\":[\"https:\\\/\\\/www.linkedin.com\\\/company\\\/tramo-etv-ab\\\/\"]}]}<\/script>\n<!-- \/ Yoast SEO plugin. -->","yoast_head_json":{"title":"Foresp\u00f8rsel om tilbud p\u00e5 transformatorer - Tramo","robots":{"index":"index","follow":"follow","max-snippet":"max-snippet:-1","max-image-preview":"max-image-preview:large","max-video-preview":"max-video-preview:-1"},"canonical":"https:\/\/tramoetv.se\/no\/foresporsel-om-tilbud-pa-transformatorer\/","og_locale":"nb_NO","og_type":"article","og_title":"Foresp\u00f8rsel om tilbud p\u00e5 transformatorer - Tramo","og_description":"Transformatorer av h\u00f8y kvalitet V\u00e5rt utvalg av lavspenningstransformatorer er omfattende og spenner fra 15 VA opp til 200 kVA. Vi tilbyr et bredt utvalg av transformatorer som er skreddersydd for ulike bruksomr\u00e5der. Tramo ETV er kjent for sin fleksibilitet, og vi skreddersyr transformatorer til kundespesifikke behov.Foresp\u00f8rsel om pristilbud Fyll ut skjemaet p\u00e5 denne siden, s\u00e5 kommer vi raskt tilbake til deg. Vet du hva du trenger? Send oss din bestilling direkte her!TRAFOAKUTES Hos Tramo ETV ... Read More","og_url":"https:\/\/tramoetv.se\/no\/foresporsel-om-tilbud-pa-transformatorer\/","og_site_name":"Tramo","article_modified_time":"2025-10-02T17:48:32+00:00","twitter_card":"summary_large_image","twitter_misc":{"Ansl. lesetid":"3 minutter"},"schema":{"@context":"https:\/\/schema.org","@graph":[{"@type":"WebPage","@id":"https:\/\/tramoetv.se\/no\/foresporsel-om-tilbud-pa-transformatorer\/","url":"https:\/\/tramoetv.se\/no\/foresporsel-om-tilbud-pa-transformatorer\/","name":"Foresp\u00f8rsel om tilbud p\u00e5 transformatorer - Tramo","isPartOf":{"@id":"https:\/\/tramoetv.se\/no\/#website"},"datePublished":"2024-05-21T17:42:01+00:00","dateModified":"2025-10-02T17:48:32+00:00","breadcrumb":{"@id":"https:\/\/tramoetv.se\/no\/foresporsel-om-tilbud-pa-transformatorer\/#breadcrumb"},"inLanguage":"nb-NO","potentialAction":[{"@type":"ReadAction","target":["https:\/\/tramoetv.se\/no\/foresporsel-om-tilbud-pa-transformatorer\/"]}]},{"@type":"BreadcrumbList","@id":"https:\/\/tramoetv.se\/no\/foresporsel-om-tilbud-pa-transformatorer\/#breadcrumb","itemListElement":[{"@type":"ListItem","position":1,"name":"Hem","item":"https:\/\/tramoetv.se\/no\/produserer-transformatorer-induktorer-filtre-og-drossler\/"},{"@type":"ListItem","position":2,"name":"Foresp\u00f8rsel om tilbud p\u00e5 transformatorer"}]},{"@type":"WebSite","@id":"https:\/\/tramoetv.se\/no\/#website","url":"https:\/\/tramoetv.se\/no\/","name":"Tramo ETV","description":"Transforming the world","publisher":{"@id":"https:\/\/tramoetv.se\/no\/#organization"},"potentialAction":[{"@type":"SearchAction","target":{"@type":"EntryPoint","urlTemplate":"https:\/\/tramoetv.se\/no\/?s={search_term_string}"},"query-input":{"@type":"PropertyValueSpecification","valueRequired":true,"valueName":"search_term_string"}}],"inLanguage":"nb-NO"},{"@type":"Organization","@id":"https:\/\/tramoetv.se\/no\/#organization","name":"Tramo ETV AB","url":"https:\/\/tramoetv.se\/no\/","logo":{"@type":"ImageObject","inLanguage":"nb-NO","@id":"https:\/\/tramoetv.se\/no\/#\/schema\/logo\/image\/","url":"https:\/\/tramoetv.se\/wp-content\/uploads\/2023\/01\/Tramo_logga_gron_800px.png","contentUrl":"https:\/\/tramoetv.se\/wp-content\/uploads\/2023\/01\/Tramo_logga_gron_800px.png","width":800,"height":104,"caption":"Tramo ETV AB"},"image":{"@id":"https:\/\/tramoetv.se\/no\/#\/schema\/logo\/image\/"},"sameAs":["https:\/\/www.linkedin.com\/company\/tramo-etv-ab\/"]}]}},"_links":{"self":[{"href":"https:\/\/tramoetv.se\/no\/wp-json\/wp\/v2\/pages\/2935","targetHints":{"allow":["GET"]}}],"collection":[{"href":"https:\/\/tramoetv.se\/no\/wp-json\/wp\/v2\/pages"}],"about":[{"href":"https:\/\/tramoetv.se\/no\/wp-json\/wp\/v2\/types\/page"}],"author":[{"embeddable":true,"href":"https:\/\/tramoetv.se\/no\/wp-json\/wp\/v2\/users\/1"}],"replies":[{"embeddable":true,"href":"https:\/\/tramoetv.se\/no\/wp-json\/wp\/v2\/comments?post=2935"}],"version-history":[{"count":11,"href":"https:\/\/tramoetv.se\/no\/wp-json\/wp\/v2\/pages\/2935\/revisions"}],"predecessor-version":[{"id":3178,"href":"https:\/\/tramoetv.se\/no\/wp-json\/wp\/v2\/pages\/2935\/revisions\/3178"}],"wp:attachment":[{"href":"https:\/\/tramoetv.se\/no\/wp-json\/wp\/v2\/media?parent=2935"}],"curies":[{"name":"wp","href":"https:\/\/api.w.org\/{rel}","templated":true}]}}