{"id":2939,"date":"2024-05-20T21:43:34","date_gmt":"2024-05-20T19:43:34","guid":{"rendered":"https:\/\/tramoetv.se\/handboker-datablad-og-brosjyrer-for-transformatorer\/"},"modified":"2026-03-25T17:16:04","modified_gmt":"2026-03-25T16:16:04","slug":"handboker-datablad-og-brosjyrer-for-transformatorer","status":"publish","type":"page","link":"https:\/\/tramoetv.se\/no\/handboker-datablad-og-brosjyrer-for-transformatorer\/","title":{"rendered":"H\u00e5ndb\u00f8ker, datablad og brosjyrer for transformatorer&nbsp;"},"content":{"rendered":"<div id=\"cs-content\" class=\"cs-content\"><\/div>\n","protected":false},"excerpt":{"rendered":"<p>Velkommen til Tramo ETVs dokumentarkiv Under hver overskrift nedenfor finner du tekniske h\u00e5ndb\u00f8ker, datablad, brosjyrer og mye mer som du kan laste ned for \u00e5 lese og lagre. Hvis du mangler noe dokument, ikke n\u00f8l med \u00e5 kontakt oss.Alle v\u00e5re dokumenter er tilgjengelige i PDF-format. For \u00e5 lese dem trenger du en pdf-leser. Du kan laste ned den nyeste versjonen av Adobe Reader gratis her &gt;&gt;&gt; Transformatorer &#x25b8;1-fase transformatorer Datablad OFS \u2013 okapslad 1-fas st\u00e5ende &#8230; <a href=\"https:\/\/tramoetv.se\/no\/handboker-datablad-og-brosjyrer-for-transformatorer\/\" class=\"more-link\">Read More<\/a><\/p>\n","protected":false},"author":1,"featured_media":0,"parent":0,"menu_order":0,"comment_status":"closed","ping_status":"closed","template":"template-blank-4.php","meta":{"footnotes":""},"class_list":["post-2939","page","type-page","status-publish","hentry","no-post-thumbnail"],"yoast_head":"<!-- This site is optimized with the Yoast SEO plugin v27.5 - https:\/\/yoast.com\/product\/yoast-seo-wordpress\/ -->\n<title>H\u00e5ndb\u00f8ker, datablad og brosjyrer for transformatorer&nbsp; - Tramo<\/title>\n<meta name=\"robots\" content=\"index, follow, max-snippet:-1, max-image-preview:large, max-video-preview:-1\" \/>\n<link rel=\"canonical\" href=\"https:\/\/tramoetv.se\/no\/handboker-datablad-og-brosjyrer-for-transformatorer\/\" \/>\n<meta property=\"og:locale\" content=\"nb_NO\" \/>\n<meta property=\"og:type\" content=\"article\" \/>\n<meta property=\"og:title\" content=\"H\u00e5ndb\u00f8ker, datablad og brosjyrer for transformatorer&nbsp; - Tramo\" \/>\n<meta property=\"og:description\" content=\"Velkommen til Tramo ETVs dokumentarkiv Under hver overskrift nedenfor finner du tekniske h\u00e5ndb\u00f8ker, datablad, brosjyrer og mye mer som du kan laste ned for \u00e5 lese og lagre. Hvis du mangler noe dokument, ikke n\u00f8l med \u00e5 kontakt oss.Alle v\u00e5re dokumenter er tilgjengelige i PDF-format. For \u00e5 lese dem trenger du en pdf-leser. Du kan laste ned den nyeste versjonen av Adobe Reader gratis her &gt;&gt;&gt; Transformatorer &#x25b8;1-fase transformatorer Datablad OFS \u2013 okapslad 1-fas st\u00e5ende ... Read More\" \/>\n<meta property=\"og:url\" content=\"https:\/\/tramoetv.se\/no\/handboker-datablad-og-brosjyrer-for-transformatorer\/\" \/>\n<meta property=\"og:site_name\" content=\"Tramo\" \/>\n<meta property=\"article:modified_time\" content=\"2026-03-25T16:16:04+00:00\" \/>\n<meta name=\"twitter:card\" content=\"summary_large_image\" \/>\n<meta name=\"twitter:label1\" content=\"Ansl. lesetid\" \/>\n\t<meta name=\"twitter:data1\" content=\"2 minutter\" \/>\n<script type=\"application\/ld+json\" class=\"yoast-schema-graph\">{\"@context\":\"https:\\\/\\\/schema.org\",\"@graph\":[{\"@type\":\"WebPage\",\"@id\":\"https:\\\/\\\/tramoetv.se\\\/no\\\/handboker-datablad-og-brosjyrer-for-transformatorer\\\/\",\"url\":\"https:\\\/\\\/tramoetv.se\\\/no\\\/handboker-datablad-og-brosjyrer-for-transformatorer\\\/\",\"name\":\"H\u00e5ndb\u00f8ker, datablad og brosjyrer for transformatorer&nbsp; - Tramo\",\"isPartOf\":{\"@id\":\"https:\\\/\\\/tramoetv.se\\\/no\\\/#website\"},\"datePublished\":\"2024-05-20T19:43:34+00:00\",\"dateModified\":\"2026-03-25T16:16:04+00:00\",\"breadcrumb\":{\"@id\":\"https:\\\/\\\/tramoetv.se\\\/no\\\/handboker-datablad-og-brosjyrer-for-transformatorer\\\/#breadcrumb\"},\"inLanguage\":\"nb-NO\",\"potentialAction\":[{\"@type\":\"ReadAction\",\"target\":[\"https:\\\/\\\/tramoetv.se\\\/no\\\/handboker-datablad-og-brosjyrer-for-transformatorer\\\/\"]}]},{\"@type\":\"BreadcrumbList\",\"@id\":\"https:\\\/\\\/tramoetv.se\\\/no\\\/handboker-datablad-og-brosjyrer-for-transformatorer\\\/#breadcrumb\",\"itemListElement\":[{\"@type\":\"ListItem\",\"position\":1,\"name\":\"Hem\",\"item\":\"https:\\\/\\\/tramoetv.se\\\/no\\\/produserer-transformatorer-induktorer-filtre-og-drossler\\\/\"},{\"@type\":\"ListItem\",\"position\":2,\"name\":\"H\u00e5ndb\u00f8ker, datablad og brosjyrer for transformatorer&nbsp;\"}]},{\"@type\":\"WebSite\",\"@id\":\"https:\\\/\\\/tramoetv.se\\\/no\\\/#website\",\"url\":\"https:\\\/\\\/tramoetv.se\\\/no\\\/\",\"name\":\"Tramo ETV\",\"description\":\"Transforming the world\",\"publisher\":{\"@id\":\"https:\\\/\\\/tramoetv.se\\\/no\\\/#organization\"},\"potentialAction\":[{\"@type\":\"SearchAction\",\"target\":{\"@type\":\"EntryPoint\",\"urlTemplate\":\"https:\\\/\\\/tramoetv.se\\\/no\\\/?s={search_term_string}\"},\"query-input\":{\"@type\":\"PropertyValueSpecification\",\"valueRequired\":true,\"valueName\":\"search_term_string\"}}],\"inLanguage\":\"nb-NO\"},{\"@type\":\"Organization\",\"@id\":\"https:\\\/\\\/tramoetv.se\\\/no\\\/#organization\",\"name\":\"Tramo ETV AB\",\"url\":\"https:\\\/\\\/tramoetv.se\\\/no\\\/\",\"logo\":{\"@type\":\"ImageObject\",\"inLanguage\":\"nb-NO\",\"@id\":\"https:\\\/\\\/tramoetv.se\\\/no\\\/#\\\/schema\\\/logo\\\/image\\\/\",\"url\":\"https:\\\/\\\/tramoetv.se\\\/wp-content\\\/uploads\\\/2023\\\/01\\\/Tramo_logga_gron_800px.png\",\"contentUrl\":\"https:\\\/\\\/tramoetv.se\\\/wp-content\\\/uploads\\\/2023\\\/01\\\/Tramo_logga_gron_800px.png\",\"width\":800,\"height\":104,\"caption\":\"Tramo ETV AB\"},\"image\":{\"@id\":\"https:\\\/\\\/tramoetv.se\\\/no\\\/#\\\/schema\\\/logo\\\/image\\\/\"},\"sameAs\":[\"https:\\\/\\\/www.linkedin.com\\\/company\\\/tramo-etv-ab\\\/\"]}]}<\/script>\n<!-- \/ Yoast SEO plugin. -->","yoast_head_json":{"title":"H\u00e5ndb\u00f8ker, datablad og brosjyrer for transformatorer&nbsp; - Tramo","robots":{"index":"index","follow":"follow","max-snippet":"max-snippet:-1","max-image-preview":"max-image-preview:large","max-video-preview":"max-video-preview:-1"},"canonical":"https:\/\/tramoetv.se\/no\/handboker-datablad-og-brosjyrer-for-transformatorer\/","og_locale":"nb_NO","og_type":"article","og_title":"H\u00e5ndb\u00f8ker, datablad og brosjyrer for transformatorer&nbsp; - Tramo","og_description":"Velkommen til Tramo ETVs dokumentarkiv Under hver overskrift nedenfor finner du tekniske h\u00e5ndb\u00f8ker, datablad, brosjyrer og mye mer som du kan laste ned for \u00e5 lese og lagre. Hvis du mangler noe dokument, ikke n\u00f8l med \u00e5 kontakt oss.Alle v\u00e5re dokumenter er tilgjengelige i PDF-format. For \u00e5 lese dem trenger du en pdf-leser. Du kan laste ned den nyeste versjonen av Adobe Reader gratis her &gt;&gt;&gt; Transformatorer &#x25b8;1-fase transformatorer Datablad OFS \u2013 okapslad 1-fas st\u00e5ende ... Read More","og_url":"https:\/\/tramoetv.se\/no\/handboker-datablad-og-brosjyrer-for-transformatorer\/","og_site_name":"Tramo","article_modified_time":"2026-03-25T16:16:04+00:00","twitter_card":"summary_large_image","twitter_misc":{"Ansl. lesetid":"2 minutter"},"schema":{"@context":"https:\/\/schema.org","@graph":[{"@type":"WebPage","@id":"https:\/\/tramoetv.se\/no\/handboker-datablad-og-brosjyrer-for-transformatorer\/","url":"https:\/\/tramoetv.se\/no\/handboker-datablad-og-brosjyrer-for-transformatorer\/","name":"H\u00e5ndb\u00f8ker, datablad og brosjyrer for transformatorer&nbsp; - Tramo","isPartOf":{"@id":"https:\/\/tramoetv.se\/no\/#website"},"datePublished":"2024-05-20T19:43:34+00:00","dateModified":"2026-03-25T16:16:04+00:00","breadcrumb":{"@id":"https:\/\/tramoetv.se\/no\/handboker-datablad-og-brosjyrer-for-transformatorer\/#breadcrumb"},"inLanguage":"nb-NO","potentialAction":[{"@type":"ReadAction","target":["https:\/\/tramoetv.se\/no\/handboker-datablad-og-brosjyrer-for-transformatorer\/"]}]},{"@type":"BreadcrumbList","@id":"https:\/\/tramoetv.se\/no\/handboker-datablad-og-brosjyrer-for-transformatorer\/#breadcrumb","itemListElement":[{"@type":"ListItem","position":1,"name":"Hem","item":"https:\/\/tramoetv.se\/no\/produserer-transformatorer-induktorer-filtre-og-drossler\/"},{"@type":"ListItem","position":2,"name":"H\u00e5ndb\u00f8ker, datablad og brosjyrer for transformatorer&nbsp;"}]},{"@type":"WebSite","@id":"https:\/\/tramoetv.se\/no\/#website","url":"https:\/\/tramoetv.se\/no\/","name":"Tramo ETV","description":"Transforming the world","publisher":{"@id":"https:\/\/tramoetv.se\/no\/#organization"},"potentialAction":[{"@type":"SearchAction","target":{"@type":"EntryPoint","urlTemplate":"https:\/\/tramoetv.se\/no\/?s={search_term_string}"},"query-input":{"@type":"PropertyValueSpecification","valueRequired":true,"valueName":"search_term_string"}}],"inLanguage":"nb-NO"},{"@type":"Organization","@id":"https:\/\/tramoetv.se\/no\/#organization","name":"Tramo ETV AB","url":"https:\/\/tramoetv.se\/no\/","logo":{"@type":"ImageObject","inLanguage":"nb-NO","@id":"https:\/\/tramoetv.se\/no\/#\/schema\/logo\/image\/","url":"https:\/\/tramoetv.se\/wp-content\/uploads\/2023\/01\/Tramo_logga_gron_800px.png","contentUrl":"https:\/\/tramoetv.se\/wp-content\/uploads\/2023\/01\/Tramo_logga_gron_800px.png","width":800,"height":104,"caption":"Tramo ETV AB"},"image":{"@id":"https:\/\/tramoetv.se\/no\/#\/schema\/logo\/image\/"},"sameAs":["https:\/\/www.linkedin.com\/company\/tramo-etv-ab\/"]}]}},"_links":{"self":[{"href":"https:\/\/tramoetv.se\/no\/wp-json\/wp\/v2\/pages\/2939","targetHints":{"allow":["GET"]}}],"collection":[{"href":"https:\/\/tramoetv.se\/no\/wp-json\/wp\/v2\/pages"}],"about":[{"href":"https:\/\/tramoetv.se\/no\/wp-json\/wp\/v2\/types\/page"}],"author":[{"embeddable":true,"href":"https:\/\/tramoetv.se\/no\/wp-json\/wp\/v2\/users\/1"}],"replies":[{"embeddable":true,"href":"https:\/\/tramoetv.se\/no\/wp-json\/wp\/v2\/comments?post=2939"}],"version-history":[{"count":5,"href":"https:\/\/tramoetv.se\/no\/wp-json\/wp\/v2\/pages\/2939\/revisions"}],"predecessor-version":[{"id":3827,"href":"https:\/\/tramoetv.se\/no\/wp-json\/wp\/v2\/pages\/2939\/revisions\/3827"}],"wp:attachment":[{"href":"https:\/\/tramoetv.se\/no\/wp-json\/wp\/v2\/media?parent=2939"}],"curies":[{"name":"wp","href":"https:\/\/api.w.org\/{rel}","templated":true}]}}