{"id":2942,"date":"2023-03-15T18:56:32","date_gmt":"2023-03-15T17:56:32","guid":{"rendered":"https:\/\/tramoetv.se\/kundecase\/scandinova\/"},"modified":"2025-09-01T08:15:39","modified_gmt":"2025-09-01T06:15:39","slug":"scandinova","status":"publish","type":"page","link":"https:\/\/tramoetv.se\/no\/kundecase\/scandinova\/","title":{"rendered":"ScandiNova"},"content":{"rendered":"<div id=\"cs-content\" class=\"cs-content\"><\/div>\n","protected":false},"excerpt":{"rendered":"<p>HjemScandiNova TRAMO ETV bidrar til \u00e5 skape den rette pulsen for ScandiNovas kunder ScandiNova ble grunnlagt i Uppsala for 20 \u00e5r siden og er verdensledende innen utvikling og produksjon av pulsmodulatorer. Selskapets teknologi (de leverer perfekt genererte elektriske pulser med h\u00f8y kapasitet og p\u00e5litelighet) har flere bruksomr\u00e5der, blant annet kreftbehandling, lastskanning, matvareproduksjon og ikke minst forskning innen partikkelfysikk. ScandiNova har i dag kunder i 46 land i Europa, Asia og Nord-Amerika, mange av dem kjente &#8230; <a href=\"https:\/\/tramoetv.se\/no\/kundecase\/scandinova\/\" class=\"more-link\">Read More<\/a><\/p>\n","protected":false},"author":1,"featured_media":0,"parent":2922,"menu_order":0,"comment_status":"closed","ping_status":"closed","template":"","meta":{"footnotes":""},"class_list":["post-2942","page","type-page","status-publish","hentry","no-post-thumbnail"],"yoast_head":"<!-- This site is optimized with the Yoast SEO plugin v27.5 - https:\/\/yoast.com\/product\/yoast-seo-wordpress\/ -->\n<title>ScandiNova - Tramo<\/title>\n<meta name=\"robots\" content=\"index, follow, max-snippet:-1, max-image-preview:large, max-video-preview:-1\" \/>\n<link rel=\"canonical\" href=\"https:\/\/tramoetv.se\/no\/kundecase\/scandinova\/\" \/>\n<meta property=\"og:locale\" content=\"nb_NO\" \/>\n<meta property=\"og:type\" content=\"article\" \/>\n<meta property=\"og:title\" content=\"ScandiNova - Tramo\" \/>\n<meta property=\"og:description\" content=\"HjemScandiNova TRAMO ETV bidrar til \u00e5 skape den rette pulsen for ScandiNovas kunder ScandiNova ble grunnlagt i Uppsala for 20 \u00e5r siden og er verdensledende innen utvikling og produksjon av pulsmodulatorer. Selskapets teknologi (de leverer perfekt genererte elektriske pulser med h\u00f8y kapasitet og p\u00e5litelighet) har flere bruksomr\u00e5der, blant annet kreftbehandling, lastskanning, matvareproduksjon og ikke minst forskning innen partikkelfysikk. ScandiNova har i dag kunder i 46 land i Europa, Asia og Nord-Amerika, mange av dem kjente ... Read More\" \/>\n<meta property=\"og:url\" content=\"https:\/\/tramoetv.se\/no\/kundecase\/scandinova\/\" \/>\n<meta property=\"og:site_name\" content=\"Tramo\" \/>\n<meta property=\"article:modified_time\" content=\"2025-09-01T06:15:39+00:00\" \/>\n<meta name=\"twitter:card\" content=\"summary_large_image\" \/>\n<meta name=\"twitter:label1\" content=\"Ansl. lesetid\" \/>\n\t<meta name=\"twitter:data1\" content=\"3 minutter\" \/>\n<script type=\"application\/ld+json\" class=\"yoast-schema-graph\">{\"@context\":\"https:\\\/\\\/schema.org\",\"@graph\":[{\"@type\":\"WebPage\",\"@id\":\"https:\\\/\\\/tramoetv.se\\\/no\\\/kundecase\\\/scandinova\\\/\",\"url\":\"https:\\\/\\\/tramoetv.se\\\/no\\\/kundecase\\\/scandinova\\\/\",\"name\":\"ScandiNova - Tramo\",\"isPartOf\":{\"@id\":\"https:\\\/\\\/tramoetv.se\\\/no\\\/#website\"},\"datePublished\":\"2023-03-15T17:56:32+00:00\",\"dateModified\":\"2025-09-01T06:15:39+00:00\",\"breadcrumb\":{\"@id\":\"https:\\\/\\\/tramoetv.se\\\/no\\\/kundecase\\\/scandinova\\\/#breadcrumb\"},\"inLanguage\":\"nb-NO\",\"potentialAction\":[{\"@type\":\"ReadAction\",\"target\":[\"https:\\\/\\\/tramoetv.se\\\/no\\\/kundecase\\\/scandinova\\\/\"]}]},{\"@type\":\"BreadcrumbList\",\"@id\":\"https:\\\/\\\/tramoetv.se\\\/no\\\/kundecase\\\/scandinova\\\/#breadcrumb\",\"itemListElement\":[{\"@type\":\"ListItem\",\"position\":1,\"name\":\"Hem\",\"item\":\"https:\\\/\\\/tramoetv.se\\\/no\\\/produserer-transformatorer-induktorer-filtre-og-drossler\\\/\"},{\"@type\":\"ListItem\",\"position\":2,\"name\":\"Kundecase\",\"item\":\"https:\\\/\\\/tramoetv.se\\\/no\\\/kundecase\\\/\"},{\"@type\":\"ListItem\",\"position\":3,\"name\":\"ScandiNova\"}]},{\"@type\":\"WebSite\",\"@id\":\"https:\\\/\\\/tramoetv.se\\\/no\\\/#website\",\"url\":\"https:\\\/\\\/tramoetv.se\\\/no\\\/\",\"name\":\"Tramo ETV\",\"description\":\"Transforming the world\",\"publisher\":{\"@id\":\"https:\\\/\\\/tramoetv.se\\\/no\\\/#organization\"},\"potentialAction\":[{\"@type\":\"SearchAction\",\"target\":{\"@type\":\"EntryPoint\",\"urlTemplate\":\"https:\\\/\\\/tramoetv.se\\\/no\\\/?s={search_term_string}\"},\"query-input\":{\"@type\":\"PropertyValueSpecification\",\"valueRequired\":true,\"valueName\":\"search_term_string\"}}],\"inLanguage\":\"nb-NO\"},{\"@type\":\"Organization\",\"@id\":\"https:\\\/\\\/tramoetv.se\\\/no\\\/#organization\",\"name\":\"Tramo ETV AB\",\"url\":\"https:\\\/\\\/tramoetv.se\\\/no\\\/\",\"logo\":{\"@type\":\"ImageObject\",\"inLanguage\":\"nb-NO\",\"@id\":\"https:\\\/\\\/tramoetv.se\\\/no\\\/#\\\/schema\\\/logo\\\/image\\\/\",\"url\":\"https:\\\/\\\/tramoetv.se\\\/wp-content\\\/uploads\\\/2023\\\/01\\\/Tramo_logga_gron_800px.png\",\"contentUrl\":\"https:\\\/\\\/tramoetv.se\\\/wp-content\\\/uploads\\\/2023\\\/01\\\/Tramo_logga_gron_800px.png\",\"width\":800,\"height\":104,\"caption\":\"Tramo ETV AB\"},\"image\":{\"@id\":\"https:\\\/\\\/tramoetv.se\\\/no\\\/#\\\/schema\\\/logo\\\/image\\\/\"},\"sameAs\":[\"https:\\\/\\\/www.linkedin.com\\\/company\\\/tramo-etv-ab\\\/\"]}]}<\/script>\n<!-- \/ Yoast SEO plugin. -->","yoast_head_json":{"title":"ScandiNova - Tramo","robots":{"index":"index","follow":"follow","max-snippet":"max-snippet:-1","max-image-preview":"max-image-preview:large","max-video-preview":"max-video-preview:-1"},"canonical":"https:\/\/tramoetv.se\/no\/kundecase\/scandinova\/","og_locale":"nb_NO","og_type":"article","og_title":"ScandiNova - Tramo","og_description":"HjemScandiNova TRAMO ETV bidrar til \u00e5 skape den rette pulsen for ScandiNovas kunder ScandiNova ble grunnlagt i Uppsala for 20 \u00e5r siden og er verdensledende innen utvikling og produksjon av pulsmodulatorer. Selskapets teknologi (de leverer perfekt genererte elektriske pulser med h\u00f8y kapasitet og p\u00e5litelighet) har flere bruksomr\u00e5der, blant annet kreftbehandling, lastskanning, matvareproduksjon og ikke minst forskning innen partikkelfysikk. ScandiNova har i dag kunder i 46 land i Europa, Asia og Nord-Amerika, mange av dem kjente ... Read More","og_url":"https:\/\/tramoetv.se\/no\/kundecase\/scandinova\/","og_site_name":"Tramo","article_modified_time":"2025-09-01T06:15:39+00:00","twitter_card":"summary_large_image","twitter_misc":{"Ansl. lesetid":"3 minutter"},"schema":{"@context":"https:\/\/schema.org","@graph":[{"@type":"WebPage","@id":"https:\/\/tramoetv.se\/no\/kundecase\/scandinova\/","url":"https:\/\/tramoetv.se\/no\/kundecase\/scandinova\/","name":"ScandiNova - Tramo","isPartOf":{"@id":"https:\/\/tramoetv.se\/no\/#website"},"datePublished":"2023-03-15T17:56:32+00:00","dateModified":"2025-09-01T06:15:39+00:00","breadcrumb":{"@id":"https:\/\/tramoetv.se\/no\/kundecase\/scandinova\/#breadcrumb"},"inLanguage":"nb-NO","potentialAction":[{"@type":"ReadAction","target":["https:\/\/tramoetv.se\/no\/kundecase\/scandinova\/"]}]},{"@type":"BreadcrumbList","@id":"https:\/\/tramoetv.se\/no\/kundecase\/scandinova\/#breadcrumb","itemListElement":[{"@type":"ListItem","position":1,"name":"Hem","item":"https:\/\/tramoetv.se\/no\/produserer-transformatorer-induktorer-filtre-og-drossler\/"},{"@type":"ListItem","position":2,"name":"Kundecase","item":"https:\/\/tramoetv.se\/no\/kundecase\/"},{"@type":"ListItem","position":3,"name":"ScandiNova"}]},{"@type":"WebSite","@id":"https:\/\/tramoetv.se\/no\/#website","url":"https:\/\/tramoetv.se\/no\/","name":"Tramo ETV","description":"Transforming the world","publisher":{"@id":"https:\/\/tramoetv.se\/no\/#organization"},"potentialAction":[{"@type":"SearchAction","target":{"@type":"EntryPoint","urlTemplate":"https:\/\/tramoetv.se\/no\/?s={search_term_string}"},"query-input":{"@type":"PropertyValueSpecification","valueRequired":true,"valueName":"search_term_string"}}],"inLanguage":"nb-NO"},{"@type":"Organization","@id":"https:\/\/tramoetv.se\/no\/#organization","name":"Tramo ETV AB","url":"https:\/\/tramoetv.se\/no\/","logo":{"@type":"ImageObject","inLanguage":"nb-NO","@id":"https:\/\/tramoetv.se\/no\/#\/schema\/logo\/image\/","url":"https:\/\/tramoetv.se\/wp-content\/uploads\/2023\/01\/Tramo_logga_gron_800px.png","contentUrl":"https:\/\/tramoetv.se\/wp-content\/uploads\/2023\/01\/Tramo_logga_gron_800px.png","width":800,"height":104,"caption":"Tramo ETV AB"},"image":{"@id":"https:\/\/tramoetv.se\/no\/#\/schema\/logo\/image\/"},"sameAs":["https:\/\/www.linkedin.com\/company\/tramo-etv-ab\/"]}]}},"_links":{"self":[{"href":"https:\/\/tramoetv.se\/no\/wp-json\/wp\/v2\/pages\/2942","targetHints":{"allow":["GET"]}}],"collection":[{"href":"https:\/\/tramoetv.se\/no\/wp-json\/wp\/v2\/pages"}],"about":[{"href":"https:\/\/tramoetv.se\/no\/wp-json\/wp\/v2\/types\/page"}],"author":[{"embeddable":true,"href":"https:\/\/tramoetv.se\/no\/wp-json\/wp\/v2\/users\/1"}],"replies":[{"embeddable":true,"href":"https:\/\/tramoetv.se\/no\/wp-json\/wp\/v2\/comments?post=2942"}],"version-history":[{"count":1,"href":"https:\/\/tramoetv.se\/no\/wp-json\/wp\/v2\/pages\/2942\/revisions"}],"predecessor-version":[{"id":2943,"href":"https:\/\/tramoetv.se\/no\/wp-json\/wp\/v2\/pages\/2942\/revisions\/2943"}],"up":[{"embeddable":true,"href":"https:\/\/tramoetv.se\/no\/wp-json\/wp\/v2\/pages\/2922"}],"wp:attachment":[{"href":"https:\/\/tramoetv.se\/no\/wp-json\/wp\/v2\/media?parent=2942"}],"curies":[{"name":"wp","href":"https:\/\/api.w.org\/{rel}","templated":true}]}}