{"id":2944,"date":"2023-03-15T18:42:35","date_gmt":"2023-03-15T17:42:35","guid":{"rendered":"https:\/\/tramoetv.se\/kundecase\/koenigsegg-freevalve\/"},"modified":"2026-02-06T16:52:37","modified_gmt":"2026-02-06T15:52:37","slug":"koenigsegg-freevalve","status":"publish","type":"page","link":"https:\/\/tramoetv.se\/no\/kundecase\/koenigsegg-freevalve\/","title":{"rendered":"Koenigsegg Freevalve"},"content":{"rendered":"<div id=\"cs-content\" class=\"cs-content\"><\/div>\n","protected":false},"excerpt":{"rendered":"<p>HjemKoenigsegg Freevalve Freevalve er et teknologiselskap som utvikler kaml\u00f8se forbrenningsmotorer med fullt kontrollerbare ventilsystemer. Som et s\u00f8sterselskap til Koenigsegg Automotive jobber Freevalve med \u00e5 utvikle motorl\u00f8sninger for b\u00e5de Koenigsegg og en utvalgt gruppe eksterne kunder. TRAMO ETV er en sv\u00e6rt erfaren og kunnskapsrik partner for oss i designfasen. De b\u00e5de vil og kan produsere sm\u00e5, kundetilpassede serier som de leverer til avtalt tid. Det setter vi stor pris p\u00e5. &#8211; Andreas M\u00f6ller, salgs- og markedsdirekt\u00f8r, &#8230; <a href=\"https:\/\/tramoetv.se\/no\/kundecase\/koenigsegg-freevalve\/\" class=\"more-link\">Read More<\/a><\/p>\n","protected":false},"author":1,"featured_media":0,"parent":2922,"menu_order":0,"comment_status":"closed","ping_status":"closed","template":"","meta":{"footnotes":""},"class_list":["post-2944","page","type-page","status-publish","hentry","no-post-thumbnail"],"yoast_head":"<!-- This site is optimized with the Yoast SEO plugin v27.5 - https:\/\/yoast.com\/product\/yoast-seo-wordpress\/ -->\n<title>Koenigsegg Freevalve kundecase | Tramo<\/title>\n<meta name=\"description\" content=\"Finn ut hvordan TRAMO leverer sm\u00e5, spesialtilpassede transformatorserier til Koenigsegg Freevalve med erfaren designst\u00f8tte og levering til rett tid.\" \/>\n<meta name=\"robots\" content=\"index, follow, max-snippet:-1, max-image-preview:large, max-video-preview:-1\" \/>\n<link rel=\"canonical\" href=\"https:\/\/tramoetv.se\/no\/kundecase\/koenigsegg-freevalve\/\" \/>\n<meta property=\"og:locale\" content=\"nb_NO\" \/>\n<meta property=\"og:type\" content=\"article\" \/>\n<meta property=\"og:title\" content=\"Koenigsegg Freevalve kundecase | Tramo\" \/>\n<meta property=\"og:description\" content=\"Finn ut hvordan TRAMO leverer sm\u00e5, spesialtilpassede transformatorserier til Koenigsegg Freevalve med erfaren designst\u00f8tte og levering til rett tid.\" \/>\n<meta property=\"og:url\" content=\"https:\/\/tramoetv.se\/no\/kundecase\/koenigsegg-freevalve\/\" \/>\n<meta property=\"og:site_name\" content=\"Tramo\" \/>\n<meta property=\"article:modified_time\" content=\"2026-02-06T15:52:37+00:00\" \/>\n<meta name=\"twitter:card\" content=\"summary_large_image\" \/>\n<meta name=\"twitter:label1\" content=\"Ansl. lesetid\" \/>\n\t<meta name=\"twitter:data1\" content=\"1 minutt\" \/>\n<script type=\"application\/ld+json\" class=\"yoast-schema-graph\">{\"@context\":\"https:\\\/\\\/schema.org\",\"@graph\":[{\"@type\":\"WebPage\",\"@id\":\"https:\\\/\\\/tramoetv.se\\\/no\\\/kundecase\\\/koenigsegg-freevalve\\\/\",\"url\":\"https:\\\/\\\/tramoetv.se\\\/no\\\/kundecase\\\/koenigsegg-freevalve\\\/\",\"name\":\"Koenigsegg Freevalve kundecase | Tramo\",\"isPartOf\":{\"@id\":\"https:\\\/\\\/tramoetv.se\\\/no\\\/#website\"},\"datePublished\":\"2023-03-15T17:42:35+00:00\",\"dateModified\":\"2026-02-06T15:52:37+00:00\",\"description\":\"Finn ut hvordan TRAMO leverer sm\u00e5, spesialtilpassede transformatorserier til Koenigsegg Freevalve med erfaren designst\u00f8tte og levering til rett tid.\",\"breadcrumb\":{\"@id\":\"https:\\\/\\\/tramoetv.se\\\/no\\\/kundecase\\\/koenigsegg-freevalve\\\/#breadcrumb\"},\"inLanguage\":\"nb-NO\",\"potentialAction\":[{\"@type\":\"ReadAction\",\"target\":[\"https:\\\/\\\/tramoetv.se\\\/no\\\/kundecase\\\/koenigsegg-freevalve\\\/\"]}]},{\"@type\":\"BreadcrumbList\",\"@id\":\"https:\\\/\\\/tramoetv.se\\\/no\\\/kundecase\\\/koenigsegg-freevalve\\\/#breadcrumb\",\"itemListElement\":[{\"@type\":\"ListItem\",\"position\":1,\"name\":\"Hem\",\"item\":\"https:\\\/\\\/tramoetv.se\\\/no\\\/produserer-transformatorer-induktorer-filtre-og-drossler\\\/\"},{\"@type\":\"ListItem\",\"position\":2,\"name\":\"Kundecase\",\"item\":\"https:\\\/\\\/tramoetv.se\\\/no\\\/kundecase\\\/\"},{\"@type\":\"ListItem\",\"position\":3,\"name\":\"Koenigsegg Freevalve\"}]},{\"@type\":\"WebSite\",\"@id\":\"https:\\\/\\\/tramoetv.se\\\/no\\\/#website\",\"url\":\"https:\\\/\\\/tramoetv.se\\\/no\\\/\",\"name\":\"Tramo ETV\",\"description\":\"Transforming the world\",\"publisher\":{\"@id\":\"https:\\\/\\\/tramoetv.se\\\/no\\\/#organization\"},\"potentialAction\":[{\"@type\":\"SearchAction\",\"target\":{\"@type\":\"EntryPoint\",\"urlTemplate\":\"https:\\\/\\\/tramoetv.se\\\/no\\\/?s={search_term_string}\"},\"query-input\":{\"@type\":\"PropertyValueSpecification\",\"valueRequired\":true,\"valueName\":\"search_term_string\"}}],\"inLanguage\":\"nb-NO\"},{\"@type\":\"Organization\",\"@id\":\"https:\\\/\\\/tramoetv.se\\\/no\\\/#organization\",\"name\":\"Tramo ETV AB\",\"url\":\"https:\\\/\\\/tramoetv.se\\\/no\\\/\",\"logo\":{\"@type\":\"ImageObject\",\"inLanguage\":\"nb-NO\",\"@id\":\"https:\\\/\\\/tramoetv.se\\\/no\\\/#\\\/schema\\\/logo\\\/image\\\/\",\"url\":\"https:\\\/\\\/tramoetv.se\\\/wp-content\\\/uploads\\\/2023\\\/01\\\/Tramo_logga_gron_800px.png\",\"contentUrl\":\"https:\\\/\\\/tramoetv.se\\\/wp-content\\\/uploads\\\/2023\\\/01\\\/Tramo_logga_gron_800px.png\",\"width\":800,\"height\":104,\"caption\":\"Tramo ETV AB\"},\"image\":{\"@id\":\"https:\\\/\\\/tramoetv.se\\\/no\\\/#\\\/schema\\\/logo\\\/image\\\/\"},\"sameAs\":[\"https:\\\/\\\/www.linkedin.com\\\/company\\\/tramo-etv-ab\\\/\"]}]}<\/script>\n<!-- \/ Yoast SEO plugin. -->","yoast_head_json":{"title":"Koenigsegg Freevalve kundecase | Tramo","description":"Finn ut hvordan TRAMO leverer sm\u00e5, spesialtilpassede transformatorserier til Koenigsegg Freevalve med erfaren designst\u00f8tte og levering til rett tid.","robots":{"index":"index","follow":"follow","max-snippet":"max-snippet:-1","max-image-preview":"max-image-preview:large","max-video-preview":"max-video-preview:-1"},"canonical":"https:\/\/tramoetv.se\/no\/kundecase\/koenigsegg-freevalve\/","og_locale":"nb_NO","og_type":"article","og_title":"Koenigsegg Freevalve kundecase | Tramo","og_description":"Finn ut hvordan TRAMO leverer sm\u00e5, spesialtilpassede transformatorserier til Koenigsegg Freevalve med erfaren designst\u00f8tte og levering til rett tid.","og_url":"https:\/\/tramoetv.se\/no\/kundecase\/koenigsegg-freevalve\/","og_site_name":"Tramo","article_modified_time":"2026-02-06T15:52:37+00:00","twitter_card":"summary_large_image","twitter_misc":{"Ansl. lesetid":"1 minutt"},"schema":{"@context":"https:\/\/schema.org","@graph":[{"@type":"WebPage","@id":"https:\/\/tramoetv.se\/no\/kundecase\/koenigsegg-freevalve\/","url":"https:\/\/tramoetv.se\/no\/kundecase\/koenigsegg-freevalve\/","name":"Koenigsegg Freevalve kundecase | Tramo","isPartOf":{"@id":"https:\/\/tramoetv.se\/no\/#website"},"datePublished":"2023-03-15T17:42:35+00:00","dateModified":"2026-02-06T15:52:37+00:00","description":"Finn ut hvordan TRAMO leverer sm\u00e5, spesialtilpassede transformatorserier til Koenigsegg Freevalve med erfaren designst\u00f8tte og levering til rett tid.","breadcrumb":{"@id":"https:\/\/tramoetv.se\/no\/kundecase\/koenigsegg-freevalve\/#breadcrumb"},"inLanguage":"nb-NO","potentialAction":[{"@type":"ReadAction","target":["https:\/\/tramoetv.se\/no\/kundecase\/koenigsegg-freevalve\/"]}]},{"@type":"BreadcrumbList","@id":"https:\/\/tramoetv.se\/no\/kundecase\/koenigsegg-freevalve\/#breadcrumb","itemListElement":[{"@type":"ListItem","position":1,"name":"Hem","item":"https:\/\/tramoetv.se\/no\/produserer-transformatorer-induktorer-filtre-og-drossler\/"},{"@type":"ListItem","position":2,"name":"Kundecase","item":"https:\/\/tramoetv.se\/no\/kundecase\/"},{"@type":"ListItem","position":3,"name":"Koenigsegg Freevalve"}]},{"@type":"WebSite","@id":"https:\/\/tramoetv.se\/no\/#website","url":"https:\/\/tramoetv.se\/no\/","name":"Tramo ETV","description":"Transforming the world","publisher":{"@id":"https:\/\/tramoetv.se\/no\/#organization"},"potentialAction":[{"@type":"SearchAction","target":{"@type":"EntryPoint","urlTemplate":"https:\/\/tramoetv.se\/no\/?s={search_term_string}"},"query-input":{"@type":"PropertyValueSpecification","valueRequired":true,"valueName":"search_term_string"}}],"inLanguage":"nb-NO"},{"@type":"Organization","@id":"https:\/\/tramoetv.se\/no\/#organization","name":"Tramo ETV AB","url":"https:\/\/tramoetv.se\/no\/","logo":{"@type":"ImageObject","inLanguage":"nb-NO","@id":"https:\/\/tramoetv.se\/no\/#\/schema\/logo\/image\/","url":"https:\/\/tramoetv.se\/wp-content\/uploads\/2023\/01\/Tramo_logga_gron_800px.png","contentUrl":"https:\/\/tramoetv.se\/wp-content\/uploads\/2023\/01\/Tramo_logga_gron_800px.png","width":800,"height":104,"caption":"Tramo ETV AB"},"image":{"@id":"https:\/\/tramoetv.se\/no\/#\/schema\/logo\/image\/"},"sameAs":["https:\/\/www.linkedin.com\/company\/tramo-etv-ab\/"]}]}},"_links":{"self":[{"href":"https:\/\/tramoetv.se\/no\/wp-json\/wp\/v2\/pages\/2944","targetHints":{"allow":["GET"]}}],"collection":[{"href":"https:\/\/tramoetv.se\/no\/wp-json\/wp\/v2\/pages"}],"about":[{"href":"https:\/\/tramoetv.se\/no\/wp-json\/wp\/v2\/types\/page"}],"author":[{"embeddable":true,"href":"https:\/\/tramoetv.se\/no\/wp-json\/wp\/v2\/users\/1"}],"replies":[{"embeddable":true,"href":"https:\/\/tramoetv.se\/no\/wp-json\/wp\/v2\/comments?post=2944"}],"version-history":[{"count":2,"href":"https:\/\/tramoetv.se\/no\/wp-json\/wp\/v2\/pages\/2944\/revisions"}],"predecessor-version":[{"id":3680,"href":"https:\/\/tramoetv.se\/no\/wp-json\/wp\/v2\/pages\/2944\/revisions\/3680"}],"up":[{"embeddable":true,"href":"https:\/\/tramoetv.se\/no\/wp-json\/wp\/v2\/pages\/2922"}],"wp:attachment":[{"href":"https:\/\/tramoetv.se\/no\/wp-json\/wp\/v2\/media?parent=2944"}],"curies":[{"name":"wp","href":"https:\/\/api.w.org\/{rel}","templated":true}]}}