{"id":2948,"date":"2023-03-15T17:51:46","date_gmt":"2023-03-15T16:51:46","guid":{"rendered":"https:\/\/tramoetv.se\/kundecase\/forsstrom\/"},"modified":"2025-10-14T13:46:41","modified_gmt":"2025-10-14T11:46:41","slug":"forsstrom","status":"publish","type":"page","link":"https:\/\/tramoetv.se\/no\/kundecase\/forsstrom\/","title":{"rendered":"Forsstr\u00f8m"},"content":{"rendered":"<div id=\"cs-content\" class=\"cs-content\"><\/div>\n","protected":false},"excerpt":{"rendered":"<p>HjemForsstrom h\u00f8yfrekvens Samarbeidet mellom FORSSTROM og TRAMO er basert p\u00e5 kvalitet, langsiktighet og tillit Maskinprodusenten Forsstrom High Frequency AB holder til i Lysekil, hvor familiebedriften drives av andre og tredje generasjon Forsstr\u00f6m. I den bohusl\u00e4nske perlen ligger all design, utvikling, markedsf\u00f8ring og salg av selskapets avanserte sveisemaskiner, som de i stor grad internasjonale kundene bruker til \u00e5 produsere lastebil- og b\u00e5tpresenninger, presenninger og telt av h\u00f8y kvalitet. Forsstrom tilbyr et bredt utvalg av maskinmodeller som &#8230; <a href=\"https:\/\/tramoetv.se\/no\/kundecase\/forsstrom\/\" class=\"more-link\">Read More<\/a><\/p>\n","protected":false},"author":1,"featured_media":0,"parent":2922,"menu_order":0,"comment_status":"closed","ping_status":"closed","template":"","meta":{"footnotes":""},"class_list":["post-2948","page","type-page","status-publish","hentry","no-post-thumbnail"],"yoast_head":"<!-- This site is optimized with the Yoast SEO plugin v27.5 - https:\/\/yoast.com\/product\/yoast-seo-wordpress\/ -->\n<title>Forsstr\u00f8m - Tramo<\/title>\n<meta name=\"robots\" content=\"index, follow, max-snippet:-1, max-image-preview:large, max-video-preview:-1\" \/>\n<link rel=\"canonical\" href=\"https:\/\/tramoetv.se\/no\/kundecase\/forsstrom\/\" \/>\n<meta property=\"og:locale\" content=\"nb_NO\" \/>\n<meta property=\"og:type\" content=\"article\" \/>\n<meta property=\"og:title\" content=\"Forsstr\u00f8m - Tramo\" \/>\n<meta property=\"og:description\" content=\"HjemForsstrom h\u00f8yfrekvens Samarbeidet mellom FORSSTROM og TRAMO er basert p\u00e5 kvalitet, langsiktighet og tillit Maskinprodusenten Forsstrom High Frequency AB holder til i Lysekil, hvor familiebedriften drives av andre og tredje generasjon Forsstr\u00f6m. I den bohusl\u00e4nske perlen ligger all design, utvikling, markedsf\u00f8ring og salg av selskapets avanserte sveisemaskiner, som de i stor grad internasjonale kundene bruker til \u00e5 produsere lastebil- og b\u00e5tpresenninger, presenninger og telt av h\u00f8y kvalitet. Forsstrom tilbyr et bredt utvalg av maskinmodeller som ... Read More\" \/>\n<meta property=\"og:url\" content=\"https:\/\/tramoetv.se\/no\/kundecase\/forsstrom\/\" \/>\n<meta property=\"og:site_name\" content=\"Tramo\" \/>\n<meta property=\"article:modified_time\" content=\"2025-10-14T11:46:41+00:00\" \/>\n<meta name=\"twitter:card\" content=\"summary_large_image\" \/>\n<meta name=\"twitter:label1\" content=\"Ansl. lesetid\" \/>\n\t<meta name=\"twitter:data1\" content=\"3 minutter\" \/>\n<script type=\"application\/ld+json\" class=\"yoast-schema-graph\">{\"@context\":\"https:\\\/\\\/schema.org\",\"@graph\":[{\"@type\":\"WebPage\",\"@id\":\"https:\\\/\\\/tramoetv.se\\\/no\\\/kundecase\\\/forsstrom\\\/\",\"url\":\"https:\\\/\\\/tramoetv.se\\\/no\\\/kundecase\\\/forsstrom\\\/\",\"name\":\"Forsstr\u00f8m - Tramo\",\"isPartOf\":{\"@id\":\"https:\\\/\\\/tramoetv.se\\\/no\\\/#website\"},\"datePublished\":\"2023-03-15T16:51:46+00:00\",\"dateModified\":\"2025-10-14T11:46:41+00:00\",\"breadcrumb\":{\"@id\":\"https:\\\/\\\/tramoetv.se\\\/no\\\/kundecase\\\/forsstrom\\\/#breadcrumb\"},\"inLanguage\":\"nb-NO\",\"potentialAction\":[{\"@type\":\"ReadAction\",\"target\":[\"https:\\\/\\\/tramoetv.se\\\/no\\\/kundecase\\\/forsstrom\\\/\"]}]},{\"@type\":\"BreadcrumbList\",\"@id\":\"https:\\\/\\\/tramoetv.se\\\/no\\\/kundecase\\\/forsstrom\\\/#breadcrumb\",\"itemListElement\":[{\"@type\":\"ListItem\",\"position\":1,\"name\":\"Hem\",\"item\":\"https:\\\/\\\/tramoetv.se\\\/no\\\/produserer-transformatorer-induktorer-filtre-og-drossler\\\/\"},{\"@type\":\"ListItem\",\"position\":2,\"name\":\"Kundecase\",\"item\":\"https:\\\/\\\/tramoetv.se\\\/no\\\/kundecase\\\/\"},{\"@type\":\"ListItem\",\"position\":3,\"name\":\"Forsstr\u00f8m\"}]},{\"@type\":\"WebSite\",\"@id\":\"https:\\\/\\\/tramoetv.se\\\/no\\\/#website\",\"url\":\"https:\\\/\\\/tramoetv.se\\\/no\\\/\",\"name\":\"Tramo ETV\",\"description\":\"Transforming the world\",\"publisher\":{\"@id\":\"https:\\\/\\\/tramoetv.se\\\/no\\\/#organization\"},\"potentialAction\":[{\"@type\":\"SearchAction\",\"target\":{\"@type\":\"EntryPoint\",\"urlTemplate\":\"https:\\\/\\\/tramoetv.se\\\/no\\\/?s={search_term_string}\"},\"query-input\":{\"@type\":\"PropertyValueSpecification\",\"valueRequired\":true,\"valueName\":\"search_term_string\"}}],\"inLanguage\":\"nb-NO\"},{\"@type\":\"Organization\",\"@id\":\"https:\\\/\\\/tramoetv.se\\\/no\\\/#organization\",\"name\":\"Tramo ETV AB\",\"url\":\"https:\\\/\\\/tramoetv.se\\\/no\\\/\",\"logo\":{\"@type\":\"ImageObject\",\"inLanguage\":\"nb-NO\",\"@id\":\"https:\\\/\\\/tramoetv.se\\\/no\\\/#\\\/schema\\\/logo\\\/image\\\/\",\"url\":\"https:\\\/\\\/tramoetv.se\\\/wp-content\\\/uploads\\\/2023\\\/01\\\/Tramo_logga_gron_800px.png\",\"contentUrl\":\"https:\\\/\\\/tramoetv.se\\\/wp-content\\\/uploads\\\/2023\\\/01\\\/Tramo_logga_gron_800px.png\",\"width\":800,\"height\":104,\"caption\":\"Tramo ETV AB\"},\"image\":{\"@id\":\"https:\\\/\\\/tramoetv.se\\\/no\\\/#\\\/schema\\\/logo\\\/image\\\/\"},\"sameAs\":[\"https:\\\/\\\/www.linkedin.com\\\/company\\\/tramo-etv-ab\\\/\"]}]}<\/script>\n<!-- \/ Yoast SEO plugin. -->","yoast_head_json":{"title":"Forsstr\u00f8m - Tramo","robots":{"index":"index","follow":"follow","max-snippet":"max-snippet:-1","max-image-preview":"max-image-preview:large","max-video-preview":"max-video-preview:-1"},"canonical":"https:\/\/tramoetv.se\/no\/kundecase\/forsstrom\/","og_locale":"nb_NO","og_type":"article","og_title":"Forsstr\u00f8m - Tramo","og_description":"HjemForsstrom h\u00f8yfrekvens Samarbeidet mellom FORSSTROM og TRAMO er basert p\u00e5 kvalitet, langsiktighet og tillit Maskinprodusenten Forsstrom High Frequency AB holder til i Lysekil, hvor familiebedriften drives av andre og tredje generasjon Forsstr\u00f6m. I den bohusl\u00e4nske perlen ligger all design, utvikling, markedsf\u00f8ring og salg av selskapets avanserte sveisemaskiner, som de i stor grad internasjonale kundene bruker til \u00e5 produsere lastebil- og b\u00e5tpresenninger, presenninger og telt av h\u00f8y kvalitet. Forsstrom tilbyr et bredt utvalg av maskinmodeller som ... Read More","og_url":"https:\/\/tramoetv.se\/no\/kundecase\/forsstrom\/","og_site_name":"Tramo","article_modified_time":"2025-10-14T11:46:41+00:00","twitter_card":"summary_large_image","twitter_misc":{"Ansl. lesetid":"3 minutter"},"schema":{"@context":"https:\/\/schema.org","@graph":[{"@type":"WebPage","@id":"https:\/\/tramoetv.se\/no\/kundecase\/forsstrom\/","url":"https:\/\/tramoetv.se\/no\/kundecase\/forsstrom\/","name":"Forsstr\u00f8m - Tramo","isPartOf":{"@id":"https:\/\/tramoetv.se\/no\/#website"},"datePublished":"2023-03-15T16:51:46+00:00","dateModified":"2025-10-14T11:46:41+00:00","breadcrumb":{"@id":"https:\/\/tramoetv.se\/no\/kundecase\/forsstrom\/#breadcrumb"},"inLanguage":"nb-NO","potentialAction":[{"@type":"ReadAction","target":["https:\/\/tramoetv.se\/no\/kundecase\/forsstrom\/"]}]},{"@type":"BreadcrumbList","@id":"https:\/\/tramoetv.se\/no\/kundecase\/forsstrom\/#breadcrumb","itemListElement":[{"@type":"ListItem","position":1,"name":"Hem","item":"https:\/\/tramoetv.se\/no\/produserer-transformatorer-induktorer-filtre-og-drossler\/"},{"@type":"ListItem","position":2,"name":"Kundecase","item":"https:\/\/tramoetv.se\/no\/kundecase\/"},{"@type":"ListItem","position":3,"name":"Forsstr\u00f8m"}]},{"@type":"WebSite","@id":"https:\/\/tramoetv.se\/no\/#website","url":"https:\/\/tramoetv.se\/no\/","name":"Tramo ETV","description":"Transforming the world","publisher":{"@id":"https:\/\/tramoetv.se\/no\/#organization"},"potentialAction":[{"@type":"SearchAction","target":{"@type":"EntryPoint","urlTemplate":"https:\/\/tramoetv.se\/no\/?s={search_term_string}"},"query-input":{"@type":"PropertyValueSpecification","valueRequired":true,"valueName":"search_term_string"}}],"inLanguage":"nb-NO"},{"@type":"Organization","@id":"https:\/\/tramoetv.se\/no\/#organization","name":"Tramo ETV AB","url":"https:\/\/tramoetv.se\/no\/","logo":{"@type":"ImageObject","inLanguage":"nb-NO","@id":"https:\/\/tramoetv.se\/no\/#\/schema\/logo\/image\/","url":"https:\/\/tramoetv.se\/wp-content\/uploads\/2023\/01\/Tramo_logga_gron_800px.png","contentUrl":"https:\/\/tramoetv.se\/wp-content\/uploads\/2023\/01\/Tramo_logga_gron_800px.png","width":800,"height":104,"caption":"Tramo ETV AB"},"image":{"@id":"https:\/\/tramoetv.se\/no\/#\/schema\/logo\/image\/"},"sameAs":["https:\/\/www.linkedin.com\/company\/tramo-etv-ab\/"]}]}},"_links":{"self":[{"href":"https:\/\/tramoetv.se\/no\/wp-json\/wp\/v2\/pages\/2948","targetHints":{"allow":["GET"]}}],"collection":[{"href":"https:\/\/tramoetv.se\/no\/wp-json\/wp\/v2\/pages"}],"about":[{"href":"https:\/\/tramoetv.se\/no\/wp-json\/wp\/v2\/types\/page"}],"author":[{"embeddable":true,"href":"https:\/\/tramoetv.se\/no\/wp-json\/wp\/v2\/users\/1"}],"replies":[{"embeddable":true,"href":"https:\/\/tramoetv.se\/no\/wp-json\/wp\/v2\/comments?post=2948"}],"version-history":[{"count":2,"href":"https:\/\/tramoetv.se\/no\/wp-json\/wp\/v2\/pages\/2948\/revisions"}],"predecessor-version":[{"id":3229,"href":"https:\/\/tramoetv.se\/no\/wp-json\/wp\/v2\/pages\/2948\/revisions\/3229"}],"up":[{"embeddable":true,"href":"https:\/\/tramoetv.se\/no\/wp-json\/wp\/v2\/pages\/2922"}],"wp:attachment":[{"href":"https:\/\/tramoetv.se\/no\/wp-json\/wp\/v2\/media?parent=2948"}],"curies":[{"name":"wp","href":"https:\/\/api.w.org\/{rel}","templated":true}]}}