{"id":2954,"date":"2023-03-15T19:45:10","date_gmt":"2023-03-15T18:45:10","guid":{"rendered":"https:\/\/tramoetv.se\/kundecase\/ahlsell\/"},"modified":"2025-09-01T08:17:06","modified_gmt":"2025-09-01T06:17:06","slug":"ahlsell","status":"publish","type":"page","link":"https:\/\/tramoetv.se\/no\/kundecase\/ahlsell\/","title":{"rendered":"Ahlsell"},"content":{"rendered":"<div id=\"cs-content\" class=\"cs-content\"><\/div>\n","protected":false},"excerpt":{"rendered":"<p>HjemAhlsell TRAMO ETV oppfyller Ahlsells h\u00f8ye krav til b\u00e6rekraft Som leverand\u00f8r til byggebransjen er Ahlsell et svensk ikon. Siden 1870-tallet har selskapet v\u00e6rt en garantist for h\u00f8y kvalitet og leveringssikkerhet i byggingen av det svenske samfunnet. I dag har det utviklet seg til et moderne, internasjonalt handelsselskap som legger stor vekt p\u00e5 \u00e5 velge ut de beste leverand\u00f8rene for \u00e5 sikre at kundene f\u00e5r tilgang til det beste. Hos Ahlsell er milj\u00f8bevisstheten h\u00f8y, og b\u00e6rekrafttankegangen &#8230; <a href=\"https:\/\/tramoetv.se\/no\/kundecase\/ahlsell\/\" class=\"more-link\">Read More<\/a><\/p>\n","protected":false},"author":1,"featured_media":0,"parent":2922,"menu_order":0,"comment_status":"closed","ping_status":"closed","template":"","meta":{"footnotes":""},"class_list":["post-2954","page","type-page","status-publish","hentry","no-post-thumbnail"],"yoast_head":"<!-- This site is optimized with the Yoast SEO plugin v27.5 - https:\/\/yoast.com\/product\/yoast-seo-wordpress\/ -->\n<title>Ahlsell - Tramo<\/title>\n<meta name=\"robots\" content=\"index, follow, max-snippet:-1, max-image-preview:large, max-video-preview:-1\" \/>\n<link rel=\"canonical\" href=\"https:\/\/tramoetv.se\/no\/kundecase\/ahlsell\/\" \/>\n<meta property=\"og:locale\" content=\"nb_NO\" \/>\n<meta property=\"og:type\" content=\"article\" \/>\n<meta property=\"og:title\" content=\"Ahlsell - Tramo\" \/>\n<meta property=\"og:description\" content=\"HjemAhlsell TRAMO ETV oppfyller Ahlsells h\u00f8ye krav til b\u00e6rekraft Som leverand\u00f8r til byggebransjen er Ahlsell et svensk ikon. Siden 1870-tallet har selskapet v\u00e6rt en garantist for h\u00f8y kvalitet og leveringssikkerhet i byggingen av det svenske samfunnet. I dag har det utviklet seg til et moderne, internasjonalt handelsselskap som legger stor vekt p\u00e5 \u00e5 velge ut de beste leverand\u00f8rene for \u00e5 sikre at kundene f\u00e5r tilgang til det beste. Hos Ahlsell er milj\u00f8bevisstheten h\u00f8y, og b\u00e6rekrafttankegangen ... Read More\" \/>\n<meta property=\"og:url\" content=\"https:\/\/tramoetv.se\/no\/kundecase\/ahlsell\/\" \/>\n<meta property=\"og:site_name\" content=\"Tramo\" \/>\n<meta property=\"article:modified_time\" content=\"2025-09-01T06:17:06+00:00\" \/>\n<meta name=\"twitter:card\" content=\"summary_large_image\" \/>\n<meta name=\"twitter:label1\" content=\"Ansl. lesetid\" \/>\n\t<meta name=\"twitter:data1\" content=\"2 minutter\" \/>\n<script type=\"application\/ld+json\" class=\"yoast-schema-graph\">{\"@context\":\"https:\\\/\\\/schema.org\",\"@graph\":[{\"@type\":\"WebPage\",\"@id\":\"https:\\\/\\\/tramoetv.se\\\/no\\\/kundecase\\\/ahlsell\\\/\",\"url\":\"https:\\\/\\\/tramoetv.se\\\/no\\\/kundecase\\\/ahlsell\\\/\",\"name\":\"Ahlsell - Tramo\",\"isPartOf\":{\"@id\":\"https:\\\/\\\/tramoetv.se\\\/no\\\/#website\"},\"datePublished\":\"2023-03-15T18:45:10+00:00\",\"dateModified\":\"2025-09-01T06:17:06+00:00\",\"breadcrumb\":{\"@id\":\"https:\\\/\\\/tramoetv.se\\\/no\\\/kundecase\\\/ahlsell\\\/#breadcrumb\"},\"inLanguage\":\"nb-NO\",\"potentialAction\":[{\"@type\":\"ReadAction\",\"target\":[\"https:\\\/\\\/tramoetv.se\\\/no\\\/kundecase\\\/ahlsell\\\/\"]}]},{\"@type\":\"BreadcrumbList\",\"@id\":\"https:\\\/\\\/tramoetv.se\\\/no\\\/kundecase\\\/ahlsell\\\/#breadcrumb\",\"itemListElement\":[{\"@type\":\"ListItem\",\"position\":1,\"name\":\"Hem\",\"item\":\"https:\\\/\\\/tramoetv.se\\\/no\\\/produserer-transformatorer-induktorer-filtre-og-drossler\\\/\"},{\"@type\":\"ListItem\",\"position\":2,\"name\":\"Kundecase\",\"item\":\"https:\\\/\\\/tramoetv.se\\\/no\\\/kundecase\\\/\"},{\"@type\":\"ListItem\",\"position\":3,\"name\":\"Ahlsell\"}]},{\"@type\":\"WebSite\",\"@id\":\"https:\\\/\\\/tramoetv.se\\\/no\\\/#website\",\"url\":\"https:\\\/\\\/tramoetv.se\\\/no\\\/\",\"name\":\"Tramo ETV\",\"description\":\"Transforming the world\",\"publisher\":{\"@id\":\"https:\\\/\\\/tramoetv.se\\\/no\\\/#organization\"},\"potentialAction\":[{\"@type\":\"SearchAction\",\"target\":{\"@type\":\"EntryPoint\",\"urlTemplate\":\"https:\\\/\\\/tramoetv.se\\\/no\\\/?s={search_term_string}\"},\"query-input\":{\"@type\":\"PropertyValueSpecification\",\"valueRequired\":true,\"valueName\":\"search_term_string\"}}],\"inLanguage\":\"nb-NO\"},{\"@type\":\"Organization\",\"@id\":\"https:\\\/\\\/tramoetv.se\\\/no\\\/#organization\",\"name\":\"Tramo ETV AB\",\"url\":\"https:\\\/\\\/tramoetv.se\\\/no\\\/\",\"logo\":{\"@type\":\"ImageObject\",\"inLanguage\":\"nb-NO\",\"@id\":\"https:\\\/\\\/tramoetv.se\\\/no\\\/#\\\/schema\\\/logo\\\/image\\\/\",\"url\":\"https:\\\/\\\/tramoetv.se\\\/wp-content\\\/uploads\\\/2023\\\/01\\\/Tramo_logga_gron_800px.png\",\"contentUrl\":\"https:\\\/\\\/tramoetv.se\\\/wp-content\\\/uploads\\\/2023\\\/01\\\/Tramo_logga_gron_800px.png\",\"width\":800,\"height\":104,\"caption\":\"Tramo ETV AB\"},\"image\":{\"@id\":\"https:\\\/\\\/tramoetv.se\\\/no\\\/#\\\/schema\\\/logo\\\/image\\\/\"},\"sameAs\":[\"https:\\\/\\\/www.linkedin.com\\\/company\\\/tramo-etv-ab\\\/\"]}]}<\/script>\n<!-- \/ Yoast SEO plugin. -->","yoast_head_json":{"title":"Ahlsell - Tramo","robots":{"index":"index","follow":"follow","max-snippet":"max-snippet:-1","max-image-preview":"max-image-preview:large","max-video-preview":"max-video-preview:-1"},"canonical":"https:\/\/tramoetv.se\/no\/kundecase\/ahlsell\/","og_locale":"nb_NO","og_type":"article","og_title":"Ahlsell - Tramo","og_description":"HjemAhlsell TRAMO ETV oppfyller Ahlsells h\u00f8ye krav til b\u00e6rekraft Som leverand\u00f8r til byggebransjen er Ahlsell et svensk ikon. Siden 1870-tallet har selskapet v\u00e6rt en garantist for h\u00f8y kvalitet og leveringssikkerhet i byggingen av det svenske samfunnet. I dag har det utviklet seg til et moderne, internasjonalt handelsselskap som legger stor vekt p\u00e5 \u00e5 velge ut de beste leverand\u00f8rene for \u00e5 sikre at kundene f\u00e5r tilgang til det beste. Hos Ahlsell er milj\u00f8bevisstheten h\u00f8y, og b\u00e6rekrafttankegangen ... Read More","og_url":"https:\/\/tramoetv.se\/no\/kundecase\/ahlsell\/","og_site_name":"Tramo","article_modified_time":"2025-09-01T06:17:06+00:00","twitter_card":"summary_large_image","twitter_misc":{"Ansl. lesetid":"2 minutter"},"schema":{"@context":"https:\/\/schema.org","@graph":[{"@type":"WebPage","@id":"https:\/\/tramoetv.se\/no\/kundecase\/ahlsell\/","url":"https:\/\/tramoetv.se\/no\/kundecase\/ahlsell\/","name":"Ahlsell - Tramo","isPartOf":{"@id":"https:\/\/tramoetv.se\/no\/#website"},"datePublished":"2023-03-15T18:45:10+00:00","dateModified":"2025-09-01T06:17:06+00:00","breadcrumb":{"@id":"https:\/\/tramoetv.se\/no\/kundecase\/ahlsell\/#breadcrumb"},"inLanguage":"nb-NO","potentialAction":[{"@type":"ReadAction","target":["https:\/\/tramoetv.se\/no\/kundecase\/ahlsell\/"]}]},{"@type":"BreadcrumbList","@id":"https:\/\/tramoetv.se\/no\/kundecase\/ahlsell\/#breadcrumb","itemListElement":[{"@type":"ListItem","position":1,"name":"Hem","item":"https:\/\/tramoetv.se\/no\/produserer-transformatorer-induktorer-filtre-og-drossler\/"},{"@type":"ListItem","position":2,"name":"Kundecase","item":"https:\/\/tramoetv.se\/no\/kundecase\/"},{"@type":"ListItem","position":3,"name":"Ahlsell"}]},{"@type":"WebSite","@id":"https:\/\/tramoetv.se\/no\/#website","url":"https:\/\/tramoetv.se\/no\/","name":"Tramo ETV","description":"Transforming the world","publisher":{"@id":"https:\/\/tramoetv.se\/no\/#organization"},"potentialAction":[{"@type":"SearchAction","target":{"@type":"EntryPoint","urlTemplate":"https:\/\/tramoetv.se\/no\/?s={search_term_string}"},"query-input":{"@type":"PropertyValueSpecification","valueRequired":true,"valueName":"search_term_string"}}],"inLanguage":"nb-NO"},{"@type":"Organization","@id":"https:\/\/tramoetv.se\/no\/#organization","name":"Tramo ETV AB","url":"https:\/\/tramoetv.se\/no\/","logo":{"@type":"ImageObject","inLanguage":"nb-NO","@id":"https:\/\/tramoetv.se\/no\/#\/schema\/logo\/image\/","url":"https:\/\/tramoetv.se\/wp-content\/uploads\/2023\/01\/Tramo_logga_gron_800px.png","contentUrl":"https:\/\/tramoetv.se\/wp-content\/uploads\/2023\/01\/Tramo_logga_gron_800px.png","width":800,"height":104,"caption":"Tramo ETV AB"},"image":{"@id":"https:\/\/tramoetv.se\/no\/#\/schema\/logo\/image\/"},"sameAs":["https:\/\/www.linkedin.com\/company\/tramo-etv-ab\/"]}]}},"_links":{"self":[{"href":"https:\/\/tramoetv.se\/no\/wp-json\/wp\/v2\/pages\/2954","targetHints":{"allow":["GET"]}}],"collection":[{"href":"https:\/\/tramoetv.se\/no\/wp-json\/wp\/v2\/pages"}],"about":[{"href":"https:\/\/tramoetv.se\/no\/wp-json\/wp\/v2\/types\/page"}],"author":[{"embeddable":true,"href":"https:\/\/tramoetv.se\/no\/wp-json\/wp\/v2\/users\/1"}],"replies":[{"embeddable":true,"href":"https:\/\/tramoetv.se\/no\/wp-json\/wp\/v2\/comments?post=2954"}],"version-history":[{"count":1,"href":"https:\/\/tramoetv.se\/no\/wp-json\/wp\/v2\/pages\/2954\/revisions"}],"predecessor-version":[{"id":2955,"href":"https:\/\/tramoetv.se\/no\/wp-json\/wp\/v2\/pages\/2954\/revisions\/2955"}],"up":[{"embeddable":true,"href":"https:\/\/tramoetv.se\/no\/wp-json\/wp\/v2\/pages\/2922"}],"wp:attachment":[{"href":"https:\/\/tramoetv.se\/no\/wp-json\/wp\/v2\/media?parent=2954"}],"curies":[{"name":"wp","href":"https:\/\/api.w.org\/{rel}","templated":true}]}}