{"id":2960,"date":"2023-02-03T19:25:14","date_gmt":"2023-02-03T18:25:14","guid":{"rendered":"https:\/\/tramoetv.se\/kontakt-tramo-etv-transformatorfabrikk\/"},"modified":"2026-04-30T10:58:27","modified_gmt":"2026-04-30T08:58:27","slug":"kontakt-tramo-etv-transformatorfabrikk","status":"publish","type":"page","link":"https:\/\/tramoetv.se\/no\/kontakt-tramo-etv-transformatorfabrikk\/","title":{"rendered":"Kontakt Tramo ETV transformatorfabrikk"},"content":{"rendered":"<div id=\"cs-content\" class=\"cs-content\"><\/div>\n","protected":false},"excerpt":{"rendered":"<p>Velkommen til Tramo ETV &#8211; vi produserer transformatorer i verdensklasse i sentrum av Sk\u00e5ne Tramo ETV AB\u00d6sl\u00f6v 327241 92 Esl\u00f6v+46 (0)413 54 12 10 Kontakt Tramo ETV &quot;*&quot; obligatorisk felt &#916; PhoneDette feltet er for valideringsform\u00e5l og skal st\u00e5 uendret.Firma \/ OrganisasjonNavn* Fornavn Etternavn E-post* TelefonJeg vil komme i kontakt med:*VelgTeknikk: Utviklingsst\u00f8tte for nye &amp; eksisterende produkterSalg: Tilbudsf\u00f8rsp\u00f8rsel, bestilling &amp; informasjon om eksisterende produkter\u00d8konomi &amp; Administrasjon: Fakturaer &amp; administrative sakerInnkj\u00f8p: Eksisterende &amp; potensielle leverand\u00f8rerAnnet: \u00d8vrige &#8230; <a href=\"https:\/\/tramoetv.se\/no\/kontakt-tramo-etv-transformatorfabrikk\/\" class=\"more-link\">Read More<\/a><\/p>\n","protected":false},"author":1,"featured_media":0,"parent":0,"menu_order":0,"comment_status":"closed","ping_status":"closed","template":"template-blank-4.php","meta":{"footnotes":""},"class_list":["post-2960","page","type-page","status-publish","hentry","no-post-thumbnail"],"yoast_head":"<!-- This site is optimized with the Yoast SEO plugin v27.5 - https:\/\/yoast.com\/product\/yoast-seo-wordpress\/ -->\n<title>Kontakt Tramo ETV transformatorfabrikk - Tramo<\/title>\n<meta name=\"robots\" content=\"index, follow, max-snippet:-1, max-image-preview:large, max-video-preview:-1\" \/>\n<link rel=\"canonical\" href=\"https:\/\/tramoetv.se\/no\/kontakt-tramo-etv-transformatorfabrikk\/\" \/>\n<meta property=\"og:locale\" content=\"nb_NO\" \/>\n<meta property=\"og:type\" content=\"article\" \/>\n<meta property=\"og:title\" content=\"Kontakt Tramo ETV transformatorfabrikk - Tramo\" \/>\n<meta property=\"og:description\" content=\"Velkommen til Tramo ETV - vi produserer transformatorer i verdensklasse i sentrum av Sk\u00e5ne Tramo ETV AB\u00d6sl\u00f6v 327241 92 Esl\u00f6v+46 (0)413 54 12 10 Kontakt Tramo ETV &quot;*&quot; obligatorisk felt &#916; PhoneDette feltet er for valideringsform\u00e5l og skal st\u00e5 uendret.Firma \/ OrganisasjonNavn* Fornavn Etternavn E-post* TelefonJeg vil komme i kontakt med:*VelgTeknikk: Utviklingsst\u00f8tte for nye &amp; eksisterende produkterSalg: Tilbudsf\u00f8rsp\u00f8rsel, bestilling &amp; informasjon om eksisterende produkter\u00d8konomi &amp; Administrasjon: Fakturaer &amp; administrative sakerInnkj\u00f8p: Eksisterende &amp; potensielle leverand\u00f8rerAnnet: \u00d8vrige ... Read More\" \/>\n<meta property=\"og:url\" content=\"https:\/\/tramoetv.se\/no\/kontakt-tramo-etv-transformatorfabrikk\/\" \/>\n<meta property=\"og:site_name\" content=\"Tramo\" \/>\n<meta property=\"article:modified_time\" content=\"2026-04-30T08:58:27+00:00\" \/>\n<meta name=\"twitter:card\" content=\"summary_large_image\" \/>\n<meta name=\"twitter:label1\" content=\"Ansl. lesetid\" \/>\n\t<meta name=\"twitter:data1\" content=\"5 minutter\" \/>\n<script type=\"application\/ld+json\" class=\"yoast-schema-graph\">{\"@context\":\"https:\\\/\\\/schema.org\",\"@graph\":[{\"@type\":\"WebPage\",\"@id\":\"https:\\\/\\\/tramoetv.se\\\/no\\\/kontakt-tramo-etv-transformatorfabrikk\\\/\",\"url\":\"https:\\\/\\\/tramoetv.se\\\/no\\\/kontakt-tramo-etv-transformatorfabrikk\\\/\",\"name\":\"Kontakt Tramo ETV transformatorfabrikk - Tramo\",\"isPartOf\":{\"@id\":\"https:\\\/\\\/tramoetv.se\\\/no\\\/#website\"},\"datePublished\":\"2023-02-03T18:25:14+00:00\",\"dateModified\":\"2026-04-30T08:58:27+00:00\",\"breadcrumb\":{\"@id\":\"https:\\\/\\\/tramoetv.se\\\/no\\\/kontakt-tramo-etv-transformatorfabrikk\\\/#breadcrumb\"},\"inLanguage\":\"nb-NO\",\"potentialAction\":[{\"@type\":\"ReadAction\",\"target\":[\"https:\\\/\\\/tramoetv.se\\\/no\\\/kontakt-tramo-etv-transformatorfabrikk\\\/\"]}]},{\"@type\":\"BreadcrumbList\",\"@id\":\"https:\\\/\\\/tramoetv.se\\\/no\\\/kontakt-tramo-etv-transformatorfabrikk\\\/#breadcrumb\",\"itemListElement\":[{\"@type\":\"ListItem\",\"position\":1,\"name\":\"Hem\",\"item\":\"https:\\\/\\\/tramoetv.se\\\/no\\\/produserer-transformatorer-induktorer-filtre-og-drossler\\\/\"},{\"@type\":\"ListItem\",\"position\":2,\"name\":\"Kontakt Tramo ETV transformatorfabrikk\"}]},{\"@type\":\"WebSite\",\"@id\":\"https:\\\/\\\/tramoetv.se\\\/no\\\/#website\",\"url\":\"https:\\\/\\\/tramoetv.se\\\/no\\\/\",\"name\":\"Tramo ETV\",\"description\":\"Transforming the world\",\"publisher\":{\"@id\":\"https:\\\/\\\/tramoetv.se\\\/no\\\/#organization\"},\"potentialAction\":[{\"@type\":\"SearchAction\",\"target\":{\"@type\":\"EntryPoint\",\"urlTemplate\":\"https:\\\/\\\/tramoetv.se\\\/no\\\/?s={search_term_string}\"},\"query-input\":{\"@type\":\"PropertyValueSpecification\",\"valueRequired\":true,\"valueName\":\"search_term_string\"}}],\"inLanguage\":\"nb-NO\"},{\"@type\":\"Organization\",\"@id\":\"https:\\\/\\\/tramoetv.se\\\/no\\\/#organization\",\"name\":\"Tramo ETV AB\",\"url\":\"https:\\\/\\\/tramoetv.se\\\/no\\\/\",\"logo\":{\"@type\":\"ImageObject\",\"inLanguage\":\"nb-NO\",\"@id\":\"https:\\\/\\\/tramoetv.se\\\/no\\\/#\\\/schema\\\/logo\\\/image\\\/\",\"url\":\"https:\\\/\\\/tramoetv.se\\\/wp-content\\\/uploads\\\/2023\\\/01\\\/Tramo_logga_gron_800px.png\",\"contentUrl\":\"https:\\\/\\\/tramoetv.se\\\/wp-content\\\/uploads\\\/2023\\\/01\\\/Tramo_logga_gron_800px.png\",\"width\":800,\"height\":104,\"caption\":\"Tramo ETV AB\"},\"image\":{\"@id\":\"https:\\\/\\\/tramoetv.se\\\/no\\\/#\\\/schema\\\/logo\\\/image\\\/\"},\"sameAs\":[\"https:\\\/\\\/www.linkedin.com\\\/company\\\/tramo-etv-ab\\\/\"]}]}<\/script>\n<!-- \/ Yoast SEO plugin. -->","yoast_head_json":{"title":"Kontakt Tramo ETV transformatorfabrikk - Tramo","robots":{"index":"index","follow":"follow","max-snippet":"max-snippet:-1","max-image-preview":"max-image-preview:large","max-video-preview":"max-video-preview:-1"},"canonical":"https:\/\/tramoetv.se\/no\/kontakt-tramo-etv-transformatorfabrikk\/","og_locale":"nb_NO","og_type":"article","og_title":"Kontakt Tramo ETV transformatorfabrikk - Tramo","og_description":"Velkommen til Tramo ETV - vi produserer transformatorer i verdensklasse i sentrum av Sk\u00e5ne Tramo ETV AB\u00d6sl\u00f6v 327241 92 Esl\u00f6v+46 (0)413 54 12 10 Kontakt Tramo ETV &quot;*&quot; obligatorisk felt &#916; PhoneDette feltet er for valideringsform\u00e5l og skal st\u00e5 uendret.Firma \/ OrganisasjonNavn* Fornavn Etternavn E-post* TelefonJeg vil komme i kontakt med:*VelgTeknikk: Utviklingsst\u00f8tte for nye &amp; eksisterende produkterSalg: Tilbudsf\u00f8rsp\u00f8rsel, bestilling &amp; informasjon om eksisterende produkter\u00d8konomi &amp; Administrasjon: Fakturaer &amp; administrative sakerInnkj\u00f8p: Eksisterende &amp; potensielle leverand\u00f8rerAnnet: \u00d8vrige ... Read More","og_url":"https:\/\/tramoetv.se\/no\/kontakt-tramo-etv-transformatorfabrikk\/","og_site_name":"Tramo","article_modified_time":"2026-04-30T08:58:27+00:00","twitter_card":"summary_large_image","twitter_misc":{"Ansl. lesetid":"5 minutter"},"schema":{"@context":"https:\/\/schema.org","@graph":[{"@type":"WebPage","@id":"https:\/\/tramoetv.se\/no\/kontakt-tramo-etv-transformatorfabrikk\/","url":"https:\/\/tramoetv.se\/no\/kontakt-tramo-etv-transformatorfabrikk\/","name":"Kontakt Tramo ETV transformatorfabrikk - Tramo","isPartOf":{"@id":"https:\/\/tramoetv.se\/no\/#website"},"datePublished":"2023-02-03T18:25:14+00:00","dateModified":"2026-04-30T08:58:27+00:00","breadcrumb":{"@id":"https:\/\/tramoetv.se\/no\/kontakt-tramo-etv-transformatorfabrikk\/#breadcrumb"},"inLanguage":"nb-NO","potentialAction":[{"@type":"ReadAction","target":["https:\/\/tramoetv.se\/no\/kontakt-tramo-etv-transformatorfabrikk\/"]}]},{"@type":"BreadcrumbList","@id":"https:\/\/tramoetv.se\/no\/kontakt-tramo-etv-transformatorfabrikk\/#breadcrumb","itemListElement":[{"@type":"ListItem","position":1,"name":"Hem","item":"https:\/\/tramoetv.se\/no\/produserer-transformatorer-induktorer-filtre-og-drossler\/"},{"@type":"ListItem","position":2,"name":"Kontakt Tramo ETV transformatorfabrikk"}]},{"@type":"WebSite","@id":"https:\/\/tramoetv.se\/no\/#website","url":"https:\/\/tramoetv.se\/no\/","name":"Tramo ETV","description":"Transforming the world","publisher":{"@id":"https:\/\/tramoetv.se\/no\/#organization"},"potentialAction":[{"@type":"SearchAction","target":{"@type":"EntryPoint","urlTemplate":"https:\/\/tramoetv.se\/no\/?s={search_term_string}"},"query-input":{"@type":"PropertyValueSpecification","valueRequired":true,"valueName":"search_term_string"}}],"inLanguage":"nb-NO"},{"@type":"Organization","@id":"https:\/\/tramoetv.se\/no\/#organization","name":"Tramo ETV AB","url":"https:\/\/tramoetv.se\/no\/","logo":{"@type":"ImageObject","inLanguage":"nb-NO","@id":"https:\/\/tramoetv.se\/no\/#\/schema\/logo\/image\/","url":"https:\/\/tramoetv.se\/wp-content\/uploads\/2023\/01\/Tramo_logga_gron_800px.png","contentUrl":"https:\/\/tramoetv.se\/wp-content\/uploads\/2023\/01\/Tramo_logga_gron_800px.png","width":800,"height":104,"caption":"Tramo ETV AB"},"image":{"@id":"https:\/\/tramoetv.se\/no\/#\/schema\/logo\/image\/"},"sameAs":["https:\/\/www.linkedin.com\/company\/tramo-etv-ab\/"]}]}},"_links":{"self":[{"href":"https:\/\/tramoetv.se\/no\/wp-json\/wp\/v2\/pages\/2960","targetHints":{"allow":["GET"]}}],"collection":[{"href":"https:\/\/tramoetv.se\/no\/wp-json\/wp\/v2\/pages"}],"about":[{"href":"https:\/\/tramoetv.se\/no\/wp-json\/wp\/v2\/types\/page"}],"author":[{"embeddable":true,"href":"https:\/\/tramoetv.se\/no\/wp-json\/wp\/v2\/users\/1"}],"replies":[{"embeddable":true,"href":"https:\/\/tramoetv.se\/no\/wp-json\/wp\/v2\/comments?post=2960"}],"version-history":[{"count":6,"href":"https:\/\/tramoetv.se\/no\/wp-json\/wp\/v2\/pages\/2960\/revisions"}],"predecessor-version":[{"id":3883,"href":"https:\/\/tramoetv.se\/no\/wp-json\/wp\/v2\/pages\/2960\/revisions\/3883"}],"wp:attachment":[{"href":"https:\/\/tramoetv.se\/no\/wp-json\/wp\/v2\/media?parent=2960"}],"curies":[{"name":"wp","href":"https:\/\/api.w.org\/{rel}","templated":true}]}}