{"id":2970,"date":"2023-08-30T16:54:09","date_gmt":"2023-08-30T14:54:09","guid":{"rendered":"https:\/\/tramoetv.se\/transformatorer-produsent-og-leverandor\/"},"modified":"2025-10-06T06:19:02","modified_gmt":"2025-10-06T04:19:02","slug":"transformatorer-produsent-og-leverandor","status":"publish","type":"page","link":"https:\/\/tramoetv.se\/no\/tilbyr-ulike-transformatorer-induktorer-og-filtre\/transformatorer-produsent-og-leverandor\/","title":{"rendered":"Transformatorer &#8211; produsent og leverand\u00f8r"},"content":{"rendered":"<div id=\"cs-content\" class=\"cs-content\"><\/div>\n","protected":false},"excerpt":{"rendered":"<p>Tramo ETV produserer transformatorer i verdensklasse En kvalifisert leverand\u00f8r av transformatorer TRAMO ETV har spesialisert seg p\u00e5 produksjon og levering av lavspenningstransformatorer og induktorer til marine- og tungindustri samt en rekke spesialapplikasjoner. V\u00e5rt produktsortiment av lavspenningstransformatorer er sv\u00e6rt bredt og spenner fra 15 VA opp til 200 kVA. Det meste av det vi produserer, er kundetilpasset. S\u00e5 er du p\u00e5 utkikk etter en produsent av kundetilpassede lavspenningstransformatorer som er vant til \u00e5 levere skreddersydde l\u00f8sninger? &#8230; <a href=\"https:\/\/tramoetv.se\/no\/tilbyr-ulike-transformatorer-induktorer-og-filtre\/transformatorer-produsent-og-leverandor\/\" class=\"more-link\">Read More<\/a><\/p>\n","protected":false},"author":1,"featured_media":0,"parent":2974,"menu_order":0,"comment_status":"closed","ping_status":"closed","template":"template-blank-4.php","meta":{"footnotes":""},"class_list":["post-2970","page","type-page","status-publish","hentry","no-post-thumbnail"],"yoast_head":"<!-- This site is optimized with the Yoast SEO plugin v27.5 - https:\/\/yoast.com\/product\/yoast-seo-wordpress\/ -->\n<title>Transformatorer - produsent og leverand\u00f8r - Tramo<\/title>\n<meta name=\"robots\" content=\"index, follow, max-snippet:-1, max-image-preview:large, max-video-preview:-1\" \/>\n<link rel=\"canonical\" href=\"https:\/\/tramoetv.se\/no\/tilbyr-ulike-transformatorer-induktorer-og-filtre\/transformatorer-produsent-og-leverandor\/\" \/>\n<meta property=\"og:locale\" content=\"nb_NO\" \/>\n<meta property=\"og:type\" content=\"article\" \/>\n<meta property=\"og:title\" content=\"Transformatorer - produsent og leverand\u00f8r - Tramo\" \/>\n<meta property=\"og:description\" content=\"Tramo ETV produserer transformatorer i verdensklasse En kvalifisert leverand\u00f8r av transformatorer TRAMO ETV har spesialisert seg p\u00e5 produksjon og levering av lavspenningstransformatorer og induktorer til marine- og tungindustri samt en rekke spesialapplikasjoner. V\u00e5rt produktsortiment av lavspenningstransformatorer er sv\u00e6rt bredt og spenner fra 15 VA opp til 200 kVA. Det meste av det vi produserer, er kundetilpasset. S\u00e5 er du p\u00e5 utkikk etter en produsent av kundetilpassede lavspenningstransformatorer som er vant til \u00e5 levere skreddersydde l\u00f8sninger? ... Read More\" \/>\n<meta property=\"og:url\" content=\"https:\/\/tramoetv.se\/no\/tilbyr-ulike-transformatorer-induktorer-og-filtre\/transformatorer-produsent-og-leverandor\/\" \/>\n<meta property=\"og:site_name\" content=\"Tramo\" \/>\n<meta property=\"article:modified_time\" content=\"2025-10-06T04:19:02+00:00\" \/>\n<meta name=\"twitter:card\" content=\"summary_large_image\" \/>\n<meta name=\"twitter:label1\" content=\"Ansl. lesetid\" \/>\n\t<meta name=\"twitter:data1\" content=\"5 minutter\" \/>\n<script type=\"application\/ld+json\" class=\"yoast-schema-graph\">{\"@context\":\"https:\\\/\\\/schema.org\",\"@graph\":[{\"@type\":\"WebPage\",\"@id\":\"https:\\\/\\\/tramoetv.se\\\/no\\\/tilbyr-ulike-transformatorer-induktorer-og-filtre\\\/transformatorer-produsent-og-leverandor\\\/\",\"url\":\"https:\\\/\\\/tramoetv.se\\\/no\\\/tilbyr-ulike-transformatorer-induktorer-og-filtre\\\/transformatorer-produsent-og-leverandor\\\/\",\"name\":\"Transformatorer - produsent og leverand\u00f8r - Tramo\",\"isPartOf\":{\"@id\":\"https:\\\/\\\/tramoetv.se\\\/no\\\/#website\"},\"datePublished\":\"2023-08-30T14:54:09+00:00\",\"dateModified\":\"2025-10-06T04:19:02+00:00\",\"breadcrumb\":{\"@id\":\"https:\\\/\\\/tramoetv.se\\\/no\\\/tilbyr-ulike-transformatorer-induktorer-og-filtre\\\/transformatorer-produsent-og-leverandor\\\/#breadcrumb\"},\"inLanguage\":\"nb-NO\",\"potentialAction\":[{\"@type\":\"ReadAction\",\"target\":[\"https:\\\/\\\/tramoetv.se\\\/no\\\/tilbyr-ulike-transformatorer-induktorer-og-filtre\\\/transformatorer-produsent-og-leverandor\\\/\"]}]},{\"@type\":\"BreadcrumbList\",\"@id\":\"https:\\\/\\\/tramoetv.se\\\/no\\\/tilbyr-ulike-transformatorer-induktorer-og-filtre\\\/transformatorer-produsent-og-leverandor\\\/#breadcrumb\",\"itemListElement\":[{\"@type\":\"ListItem\",\"position\":1,\"name\":\"Hem\",\"item\":\"https:\\\/\\\/tramoetv.se\\\/no\\\/produserer-transformatorer-induktorer-filtre-og-drossler\\\/\"},{\"@type\":\"ListItem\",\"position\":2,\"name\":\"Tilbyr ulike transformatorer, induktorer og filtre\",\"item\":\"https:\\\/\\\/tramoetv.se\\\/no\\\/tilbyr-ulike-transformatorer-induktorer-og-filtre\\\/\"},{\"@type\":\"ListItem\",\"position\":3,\"name\":\"Transformatorer &#8211; produsent og leverand\u00f8r\"}]},{\"@type\":\"WebSite\",\"@id\":\"https:\\\/\\\/tramoetv.se\\\/no\\\/#website\",\"url\":\"https:\\\/\\\/tramoetv.se\\\/no\\\/\",\"name\":\"Tramo ETV\",\"description\":\"Transforming the world\",\"publisher\":{\"@id\":\"https:\\\/\\\/tramoetv.se\\\/no\\\/#organization\"},\"potentialAction\":[{\"@type\":\"SearchAction\",\"target\":{\"@type\":\"EntryPoint\",\"urlTemplate\":\"https:\\\/\\\/tramoetv.se\\\/no\\\/?s={search_term_string}\"},\"query-input\":{\"@type\":\"PropertyValueSpecification\",\"valueRequired\":true,\"valueName\":\"search_term_string\"}}],\"inLanguage\":\"nb-NO\"},{\"@type\":\"Organization\",\"@id\":\"https:\\\/\\\/tramoetv.se\\\/no\\\/#organization\",\"name\":\"Tramo ETV AB\",\"url\":\"https:\\\/\\\/tramoetv.se\\\/no\\\/\",\"logo\":{\"@type\":\"ImageObject\",\"inLanguage\":\"nb-NO\",\"@id\":\"https:\\\/\\\/tramoetv.se\\\/no\\\/#\\\/schema\\\/logo\\\/image\\\/\",\"url\":\"https:\\\/\\\/tramoetv.se\\\/wp-content\\\/uploads\\\/2023\\\/01\\\/Tramo_logga_gron_800px.png\",\"contentUrl\":\"https:\\\/\\\/tramoetv.se\\\/wp-content\\\/uploads\\\/2023\\\/01\\\/Tramo_logga_gron_800px.png\",\"width\":800,\"height\":104,\"caption\":\"Tramo ETV AB\"},\"image\":{\"@id\":\"https:\\\/\\\/tramoetv.se\\\/no\\\/#\\\/schema\\\/logo\\\/image\\\/\"},\"sameAs\":[\"https:\\\/\\\/www.linkedin.com\\\/company\\\/tramo-etv-ab\\\/\"]}]}<\/script>\n<!-- \/ Yoast SEO plugin. -->","yoast_head_json":{"title":"Transformatorer - produsent og leverand\u00f8r - Tramo","robots":{"index":"index","follow":"follow","max-snippet":"max-snippet:-1","max-image-preview":"max-image-preview:large","max-video-preview":"max-video-preview:-1"},"canonical":"https:\/\/tramoetv.se\/no\/tilbyr-ulike-transformatorer-induktorer-og-filtre\/transformatorer-produsent-og-leverandor\/","og_locale":"nb_NO","og_type":"article","og_title":"Transformatorer - produsent og leverand\u00f8r - Tramo","og_description":"Tramo ETV produserer transformatorer i verdensklasse En kvalifisert leverand\u00f8r av transformatorer TRAMO ETV har spesialisert seg p\u00e5 produksjon og levering av lavspenningstransformatorer og induktorer til marine- og tungindustri samt en rekke spesialapplikasjoner. V\u00e5rt produktsortiment av lavspenningstransformatorer er sv\u00e6rt bredt og spenner fra 15 VA opp til 200 kVA. Det meste av det vi produserer, er kundetilpasset. S\u00e5 er du p\u00e5 utkikk etter en produsent av kundetilpassede lavspenningstransformatorer som er vant til \u00e5 levere skreddersydde l\u00f8sninger? ... Read More","og_url":"https:\/\/tramoetv.se\/no\/tilbyr-ulike-transformatorer-induktorer-og-filtre\/transformatorer-produsent-og-leverandor\/","og_site_name":"Tramo","article_modified_time":"2025-10-06T04:19:02+00:00","twitter_card":"summary_large_image","twitter_misc":{"Ansl. lesetid":"5 minutter"},"schema":{"@context":"https:\/\/schema.org","@graph":[{"@type":"WebPage","@id":"https:\/\/tramoetv.se\/no\/tilbyr-ulike-transformatorer-induktorer-og-filtre\/transformatorer-produsent-og-leverandor\/","url":"https:\/\/tramoetv.se\/no\/tilbyr-ulike-transformatorer-induktorer-og-filtre\/transformatorer-produsent-og-leverandor\/","name":"Transformatorer - produsent og leverand\u00f8r - Tramo","isPartOf":{"@id":"https:\/\/tramoetv.se\/no\/#website"},"datePublished":"2023-08-30T14:54:09+00:00","dateModified":"2025-10-06T04:19:02+00:00","breadcrumb":{"@id":"https:\/\/tramoetv.se\/no\/tilbyr-ulike-transformatorer-induktorer-og-filtre\/transformatorer-produsent-og-leverandor\/#breadcrumb"},"inLanguage":"nb-NO","potentialAction":[{"@type":"ReadAction","target":["https:\/\/tramoetv.se\/no\/tilbyr-ulike-transformatorer-induktorer-og-filtre\/transformatorer-produsent-og-leverandor\/"]}]},{"@type":"BreadcrumbList","@id":"https:\/\/tramoetv.se\/no\/tilbyr-ulike-transformatorer-induktorer-og-filtre\/transformatorer-produsent-og-leverandor\/#breadcrumb","itemListElement":[{"@type":"ListItem","position":1,"name":"Hem","item":"https:\/\/tramoetv.se\/no\/produserer-transformatorer-induktorer-filtre-og-drossler\/"},{"@type":"ListItem","position":2,"name":"Tilbyr ulike transformatorer, induktorer og filtre","item":"https:\/\/tramoetv.se\/no\/tilbyr-ulike-transformatorer-induktorer-og-filtre\/"},{"@type":"ListItem","position":3,"name":"Transformatorer &#8211; produsent og leverand\u00f8r"}]},{"@type":"WebSite","@id":"https:\/\/tramoetv.se\/no\/#website","url":"https:\/\/tramoetv.se\/no\/","name":"Tramo ETV","description":"Transforming the world","publisher":{"@id":"https:\/\/tramoetv.se\/no\/#organization"},"potentialAction":[{"@type":"SearchAction","target":{"@type":"EntryPoint","urlTemplate":"https:\/\/tramoetv.se\/no\/?s={search_term_string}"},"query-input":{"@type":"PropertyValueSpecification","valueRequired":true,"valueName":"search_term_string"}}],"inLanguage":"nb-NO"},{"@type":"Organization","@id":"https:\/\/tramoetv.se\/no\/#organization","name":"Tramo ETV AB","url":"https:\/\/tramoetv.se\/no\/","logo":{"@type":"ImageObject","inLanguage":"nb-NO","@id":"https:\/\/tramoetv.se\/no\/#\/schema\/logo\/image\/","url":"https:\/\/tramoetv.se\/wp-content\/uploads\/2023\/01\/Tramo_logga_gron_800px.png","contentUrl":"https:\/\/tramoetv.se\/wp-content\/uploads\/2023\/01\/Tramo_logga_gron_800px.png","width":800,"height":104,"caption":"Tramo ETV AB"},"image":{"@id":"https:\/\/tramoetv.se\/no\/#\/schema\/logo\/image\/"},"sameAs":["https:\/\/www.linkedin.com\/company\/tramo-etv-ab\/"]}]}},"_links":{"self":[{"href":"https:\/\/tramoetv.se\/no\/wp-json\/wp\/v2\/pages\/2970","targetHints":{"allow":["GET"]}}],"collection":[{"href":"https:\/\/tramoetv.se\/no\/wp-json\/wp\/v2\/pages"}],"about":[{"href":"https:\/\/tramoetv.se\/no\/wp-json\/wp\/v2\/types\/page"}],"author":[{"embeddable":true,"href":"https:\/\/tramoetv.se\/no\/wp-json\/wp\/v2\/users\/1"}],"replies":[{"embeddable":true,"href":"https:\/\/tramoetv.se\/no\/wp-json\/wp\/v2\/comments?post=2970"}],"version-history":[{"count":9,"href":"https:\/\/tramoetv.se\/no\/wp-json\/wp\/v2\/pages\/2970\/revisions"}],"predecessor-version":[{"id":3208,"href":"https:\/\/tramoetv.se\/no\/wp-json\/wp\/v2\/pages\/2970\/revisions\/3208"}],"up":[{"embeddable":true,"href":"https:\/\/tramoetv.se\/no\/wp-json\/wp\/v2\/pages\/2974"}],"wp:attachment":[{"href":"https:\/\/tramoetv.se\/no\/wp-json\/wp\/v2\/media?parent=2970"}],"curies":[{"name":"wp","href":"https:\/\/api.w.org\/{rel}","templated":true}]}}