{"id":2972,"date":"2023-08-30T17:42:30","date_gmt":"2023-08-30T15:42:30","guid":{"rendered":"https:\/\/tramoetv.se\/induktorer-for-industrien-produsent-av-drossler\/"},"modified":"2025-09-03T16:16:08","modified_gmt":"2025-09-03T14:16:08","slug":"induktorer-for-industrien-produsent-av-drossler","status":"publish","type":"page","link":"https:\/\/tramoetv.se\/no\/tilbyr-ulike-transformatorer-induktorer-og-filtre\/induktorer-for-industrien-produsent-av-drossler\/","title":{"rendered":"Induktorer for industrien &#8211; Produsent av drossler"},"content":{"rendered":"<div id=\"cs-content\" class=\"cs-content\"><\/div>\n","protected":false},"excerpt":{"rendered":"<p>Tramo ETV produserer induktorer i verdensklasse Leverand\u00f8r av induktorer til industrien Enten du kaller dem induktorer, drosselspoler, reaktorer eller drosler, handler de alle om det samme &#8211; forbedret str\u00f8mkvalitet. Siden det hersker en viss forvirring p\u00e5 omr\u00e5det, velger vi for klarhetens skyld \u00e5 kalle dem induktorer i den f\u00f8lgende teksten. TRAMO ETV er en ledende nordisk leverand\u00f8r av induktorer og st\u00f8ybegrensere til industrien. Med produksjon i S\u00f8r-Sverige kan vi tilby korte og raske leveranser. V\u00e5r &#8230; <a href=\"https:\/\/tramoetv.se\/no\/tilbyr-ulike-transformatorer-induktorer-og-filtre\/induktorer-for-industrien-produsent-av-drossler\/\" class=\"more-link\">Read More<\/a><\/p>\n","protected":false},"author":1,"featured_media":0,"parent":2974,"menu_order":0,"comment_status":"closed","ping_status":"closed","template":"template-blank-4.php","meta":{"footnotes":""},"class_list":["post-2972","page","type-page","status-publish","hentry","no-post-thumbnail"],"yoast_head":"<!-- This site is optimized with the Yoast SEO plugin v27.5 - https:\/\/yoast.com\/product\/yoast-seo-wordpress\/ -->\n<title>Induktorer for industrien - Produsent av drossler - Tramo<\/title>\n<meta name=\"robots\" content=\"index, follow, max-snippet:-1, max-image-preview:large, max-video-preview:-1\" \/>\n<link rel=\"canonical\" href=\"https:\/\/tramoetv.se\/no\/tilbyr-ulike-transformatorer-induktorer-og-filtre\/induktorer-for-industrien-produsent-av-drossler\/\" \/>\n<meta property=\"og:locale\" content=\"nb_NO\" \/>\n<meta property=\"og:type\" content=\"article\" \/>\n<meta property=\"og:title\" content=\"Induktorer for industrien - Produsent av drossler - Tramo\" \/>\n<meta property=\"og:description\" content=\"Tramo ETV produserer induktorer i verdensklasse Leverand\u00f8r av induktorer til industrien Enten du kaller dem induktorer, drosselspoler, reaktorer eller drosler, handler de alle om det samme - forbedret str\u00f8mkvalitet. Siden det hersker en viss forvirring p\u00e5 omr\u00e5det, velger vi for klarhetens skyld \u00e5 kalle dem induktorer i den f\u00f8lgende teksten. TRAMO ETV er en ledende nordisk leverand\u00f8r av induktorer og st\u00f8ybegrensere til industrien. Med produksjon i S\u00f8r-Sverige kan vi tilby korte og raske leveranser. V\u00e5r ... Read More\" \/>\n<meta property=\"og:url\" content=\"https:\/\/tramoetv.se\/no\/tilbyr-ulike-transformatorer-induktorer-og-filtre\/induktorer-for-industrien-produsent-av-drossler\/\" \/>\n<meta property=\"og:site_name\" content=\"Tramo\" \/>\n<meta property=\"article:modified_time\" content=\"2025-09-03T14:16:08+00:00\" \/>\n<meta name=\"twitter:card\" content=\"summary_large_image\" \/>\n<meta name=\"twitter:label1\" content=\"Ansl. lesetid\" \/>\n\t<meta name=\"twitter:data1\" content=\"6 minutter\" \/>\n<script type=\"application\/ld+json\" class=\"yoast-schema-graph\">{\"@context\":\"https:\\\/\\\/schema.org\",\"@graph\":[{\"@type\":\"WebPage\",\"@id\":\"https:\\\/\\\/tramoetv.se\\\/no\\\/tilbyr-ulike-transformatorer-induktorer-og-filtre\\\/induktorer-for-industrien-produsent-av-drossler\\\/\",\"url\":\"https:\\\/\\\/tramoetv.se\\\/no\\\/tilbyr-ulike-transformatorer-induktorer-og-filtre\\\/induktorer-for-industrien-produsent-av-drossler\\\/\",\"name\":\"Induktorer for industrien - Produsent av drossler - Tramo\",\"isPartOf\":{\"@id\":\"https:\\\/\\\/tramoetv.se\\\/no\\\/#website\"},\"datePublished\":\"2023-08-30T15:42:30+00:00\",\"dateModified\":\"2025-09-03T14:16:08+00:00\",\"breadcrumb\":{\"@id\":\"https:\\\/\\\/tramoetv.se\\\/no\\\/tilbyr-ulike-transformatorer-induktorer-og-filtre\\\/induktorer-for-industrien-produsent-av-drossler\\\/#breadcrumb\"},\"inLanguage\":\"nb-NO\",\"potentialAction\":[{\"@type\":\"ReadAction\",\"target\":[\"https:\\\/\\\/tramoetv.se\\\/no\\\/tilbyr-ulike-transformatorer-induktorer-og-filtre\\\/induktorer-for-industrien-produsent-av-drossler\\\/\"]}]},{\"@type\":\"BreadcrumbList\",\"@id\":\"https:\\\/\\\/tramoetv.se\\\/no\\\/tilbyr-ulike-transformatorer-induktorer-og-filtre\\\/induktorer-for-industrien-produsent-av-drossler\\\/#breadcrumb\",\"itemListElement\":[{\"@type\":\"ListItem\",\"position\":1,\"name\":\"Hem\",\"item\":\"https:\\\/\\\/tramoetv.se\\\/no\\\/produserer-transformatorer-induktorer-filtre-og-drossler\\\/\"},{\"@type\":\"ListItem\",\"position\":2,\"name\":\"Tilbyr ulike transformatorer, induktorer og filtre\",\"item\":\"https:\\\/\\\/tramoetv.se\\\/no\\\/tilbyr-ulike-transformatorer-induktorer-og-filtre\\\/\"},{\"@type\":\"ListItem\",\"position\":3,\"name\":\"Induktorer for industrien &#8211; Produsent av drossler\"}]},{\"@type\":\"WebSite\",\"@id\":\"https:\\\/\\\/tramoetv.se\\\/no\\\/#website\",\"url\":\"https:\\\/\\\/tramoetv.se\\\/no\\\/\",\"name\":\"Tramo ETV\",\"description\":\"Transforming the world\",\"publisher\":{\"@id\":\"https:\\\/\\\/tramoetv.se\\\/no\\\/#organization\"},\"potentialAction\":[{\"@type\":\"SearchAction\",\"target\":{\"@type\":\"EntryPoint\",\"urlTemplate\":\"https:\\\/\\\/tramoetv.se\\\/no\\\/?s={search_term_string}\"},\"query-input\":{\"@type\":\"PropertyValueSpecification\",\"valueRequired\":true,\"valueName\":\"search_term_string\"}}],\"inLanguage\":\"nb-NO\"},{\"@type\":\"Organization\",\"@id\":\"https:\\\/\\\/tramoetv.se\\\/no\\\/#organization\",\"name\":\"Tramo ETV AB\",\"url\":\"https:\\\/\\\/tramoetv.se\\\/no\\\/\",\"logo\":{\"@type\":\"ImageObject\",\"inLanguage\":\"nb-NO\",\"@id\":\"https:\\\/\\\/tramoetv.se\\\/no\\\/#\\\/schema\\\/logo\\\/image\\\/\",\"url\":\"https:\\\/\\\/tramoetv.se\\\/wp-content\\\/uploads\\\/2023\\\/01\\\/Tramo_logga_gron_800px.png\",\"contentUrl\":\"https:\\\/\\\/tramoetv.se\\\/wp-content\\\/uploads\\\/2023\\\/01\\\/Tramo_logga_gron_800px.png\",\"width\":800,\"height\":104,\"caption\":\"Tramo ETV AB\"},\"image\":{\"@id\":\"https:\\\/\\\/tramoetv.se\\\/no\\\/#\\\/schema\\\/logo\\\/image\\\/\"},\"sameAs\":[\"https:\\\/\\\/www.linkedin.com\\\/company\\\/tramo-etv-ab\\\/\"]}]}<\/script>\n<!-- \/ Yoast SEO plugin. -->","yoast_head_json":{"title":"Induktorer for industrien - Produsent av drossler - Tramo","robots":{"index":"index","follow":"follow","max-snippet":"max-snippet:-1","max-image-preview":"max-image-preview:large","max-video-preview":"max-video-preview:-1"},"canonical":"https:\/\/tramoetv.se\/no\/tilbyr-ulike-transformatorer-induktorer-og-filtre\/induktorer-for-industrien-produsent-av-drossler\/","og_locale":"nb_NO","og_type":"article","og_title":"Induktorer for industrien - Produsent av drossler - Tramo","og_description":"Tramo ETV produserer induktorer i verdensklasse Leverand\u00f8r av induktorer til industrien Enten du kaller dem induktorer, drosselspoler, reaktorer eller drosler, handler de alle om det samme - forbedret str\u00f8mkvalitet. Siden det hersker en viss forvirring p\u00e5 omr\u00e5det, velger vi for klarhetens skyld \u00e5 kalle dem induktorer i den f\u00f8lgende teksten. TRAMO ETV er en ledende nordisk leverand\u00f8r av induktorer og st\u00f8ybegrensere til industrien. Med produksjon i S\u00f8r-Sverige kan vi tilby korte og raske leveranser. V\u00e5r ... Read More","og_url":"https:\/\/tramoetv.se\/no\/tilbyr-ulike-transformatorer-induktorer-og-filtre\/induktorer-for-industrien-produsent-av-drossler\/","og_site_name":"Tramo","article_modified_time":"2025-09-03T14:16:08+00:00","twitter_card":"summary_large_image","twitter_misc":{"Ansl. lesetid":"6 minutter"},"schema":{"@context":"https:\/\/schema.org","@graph":[{"@type":"WebPage","@id":"https:\/\/tramoetv.se\/no\/tilbyr-ulike-transformatorer-induktorer-og-filtre\/induktorer-for-industrien-produsent-av-drossler\/","url":"https:\/\/tramoetv.se\/no\/tilbyr-ulike-transformatorer-induktorer-og-filtre\/induktorer-for-industrien-produsent-av-drossler\/","name":"Induktorer for industrien - Produsent av drossler - Tramo","isPartOf":{"@id":"https:\/\/tramoetv.se\/no\/#website"},"datePublished":"2023-08-30T15:42:30+00:00","dateModified":"2025-09-03T14:16:08+00:00","breadcrumb":{"@id":"https:\/\/tramoetv.se\/no\/tilbyr-ulike-transformatorer-induktorer-og-filtre\/induktorer-for-industrien-produsent-av-drossler\/#breadcrumb"},"inLanguage":"nb-NO","potentialAction":[{"@type":"ReadAction","target":["https:\/\/tramoetv.se\/no\/tilbyr-ulike-transformatorer-induktorer-og-filtre\/induktorer-for-industrien-produsent-av-drossler\/"]}]},{"@type":"BreadcrumbList","@id":"https:\/\/tramoetv.se\/no\/tilbyr-ulike-transformatorer-induktorer-og-filtre\/induktorer-for-industrien-produsent-av-drossler\/#breadcrumb","itemListElement":[{"@type":"ListItem","position":1,"name":"Hem","item":"https:\/\/tramoetv.se\/no\/produserer-transformatorer-induktorer-filtre-og-drossler\/"},{"@type":"ListItem","position":2,"name":"Tilbyr ulike transformatorer, induktorer og filtre","item":"https:\/\/tramoetv.se\/no\/tilbyr-ulike-transformatorer-induktorer-og-filtre\/"},{"@type":"ListItem","position":3,"name":"Induktorer for industrien &#8211; Produsent av drossler"}]},{"@type":"WebSite","@id":"https:\/\/tramoetv.se\/no\/#website","url":"https:\/\/tramoetv.se\/no\/","name":"Tramo ETV","description":"Transforming the world","publisher":{"@id":"https:\/\/tramoetv.se\/no\/#organization"},"potentialAction":[{"@type":"SearchAction","target":{"@type":"EntryPoint","urlTemplate":"https:\/\/tramoetv.se\/no\/?s={search_term_string}"},"query-input":{"@type":"PropertyValueSpecification","valueRequired":true,"valueName":"search_term_string"}}],"inLanguage":"nb-NO"},{"@type":"Organization","@id":"https:\/\/tramoetv.se\/no\/#organization","name":"Tramo ETV AB","url":"https:\/\/tramoetv.se\/no\/","logo":{"@type":"ImageObject","inLanguage":"nb-NO","@id":"https:\/\/tramoetv.se\/no\/#\/schema\/logo\/image\/","url":"https:\/\/tramoetv.se\/wp-content\/uploads\/2023\/01\/Tramo_logga_gron_800px.png","contentUrl":"https:\/\/tramoetv.se\/wp-content\/uploads\/2023\/01\/Tramo_logga_gron_800px.png","width":800,"height":104,"caption":"Tramo ETV AB"},"image":{"@id":"https:\/\/tramoetv.se\/no\/#\/schema\/logo\/image\/"},"sameAs":["https:\/\/www.linkedin.com\/company\/tramo-etv-ab\/"]}]}},"_links":{"self":[{"href":"https:\/\/tramoetv.se\/no\/wp-json\/wp\/v2\/pages\/2972","targetHints":{"allow":["GET"]}}],"collection":[{"href":"https:\/\/tramoetv.se\/no\/wp-json\/wp\/v2\/pages"}],"about":[{"href":"https:\/\/tramoetv.se\/no\/wp-json\/wp\/v2\/types\/page"}],"author":[{"embeddable":true,"href":"https:\/\/tramoetv.se\/no\/wp-json\/wp\/v2\/users\/1"}],"replies":[{"embeddable":true,"href":"https:\/\/tramoetv.se\/no\/wp-json\/wp\/v2\/comments?post=2972"}],"version-history":[{"count":3,"href":"https:\/\/tramoetv.se\/no\/wp-json\/wp\/v2\/pages\/2972\/revisions"}],"predecessor-version":[{"id":3123,"href":"https:\/\/tramoetv.se\/no\/wp-json\/wp\/v2\/pages\/2972\/revisions\/3123"}],"up":[{"embeddable":true,"href":"https:\/\/tramoetv.se\/no\/wp-json\/wp\/v2\/pages\/2974"}],"wp:attachment":[{"href":"https:\/\/tramoetv.se\/no\/wp-json\/wp\/v2\/media?parent=2972"}],"curies":[{"name":"wp","href":"https:\/\/api.w.org\/{rel}","templated":true}]}}