{"id":2976,"date":"2023-08-30T17:56:04","date_gmt":"2023-08-30T15:56:04","guid":{"rendered":"https:\/\/tramoetv.se\/tilbyr-ulike-transformatorer-induktorer-og-filtre\/filtre-stromkvalitetsfiltre-sinusfiltre-og-harmoniske-filtre-osv\/"},"modified":"2026-03-25T17:13:58","modified_gmt":"2026-03-25T16:13:58","slug":"filtre-stromkvalitetsfiltre-sinusfiltre-og-harmoniske-filtre-osv","status":"publish","type":"page","link":"https:\/\/tramoetv.se\/no\/tilbyr-ulike-transformatorer-induktorer-og-filtre\/filtre-stromkvalitetsfiltre-sinusfiltre-og-harmoniske-filtre-osv\/","title":{"rendered":"Filtre &#8211; str\u00f8mkvalitetsfiltre, sinusfiltre og harmoniske filtre osv."},"content":{"rendered":"<div id=\"cs-content\" class=\"cs-content\"><\/div>\n","protected":false},"excerpt":{"rendered":"<p>Tramo ETV produserer og leverer filtre i verdensklasse Filtre forbedrer str\u00f8mkvaliteten din Etter hvert som str\u00f8mnettene v\u00e5re blir mindre stabile, blir sp\u00f8rsm\u00e5let om str\u00f8mkvalitet stadig viktigere. Samtidig som generatorkraft begynner \u00e5 f\u00e5 selskap av sol- og vindkraft, \u00f8ker ogs\u00e5 bruken av elektronikk i den elektriske kilden. Sammen med ulike typer spenningsomforming, ved hjelp av omformere og frekvensstyrte motorer, er problemene med str\u00f8mkvalitet. I hele str\u00f8mnettet finnes det komponenter som forstyrrer den optimale sinuskurven vi er &#8230; <a href=\"https:\/\/tramoetv.se\/no\/tilbyr-ulike-transformatorer-induktorer-og-filtre\/filtre-stromkvalitetsfiltre-sinusfiltre-og-harmoniske-filtre-osv\/\" class=\"more-link\">Read More<\/a><\/p>\n","protected":false},"author":1,"featured_media":0,"parent":2974,"menu_order":0,"comment_status":"closed","ping_status":"closed","template":"template-blank-4.php","meta":{"footnotes":""},"class_list":["post-2976","page","type-page","status-publish","hentry","no-post-thumbnail"],"yoast_head":"<!-- This site is optimized with the Yoast SEO plugin v27.5 - https:\/\/yoast.com\/product\/yoast-seo-wordpress\/ -->\n<title>Filtre - str\u00f8mkvalitetsfiltre, sinusfiltre og harmoniske filtre osv. - Tramo<\/title>\n<meta name=\"robots\" content=\"index, follow, max-snippet:-1, max-image-preview:large, max-video-preview:-1\" \/>\n<link rel=\"canonical\" href=\"https:\/\/tramoetv.se\/no\/tilbyr-ulike-transformatorer-induktorer-og-filtre\/filtre-stromkvalitetsfiltre-sinusfiltre-og-harmoniske-filtre-osv\/\" \/>\n<meta property=\"og:locale\" content=\"nb_NO\" \/>\n<meta property=\"og:type\" content=\"article\" \/>\n<meta property=\"og:title\" content=\"Filtre - str\u00f8mkvalitetsfiltre, sinusfiltre og harmoniske filtre osv. - Tramo\" \/>\n<meta property=\"og:description\" content=\"Tramo ETV produserer og leverer filtre i verdensklasse Filtre forbedrer str\u00f8mkvaliteten din Etter hvert som str\u00f8mnettene v\u00e5re blir mindre stabile, blir sp\u00f8rsm\u00e5let om str\u00f8mkvalitet stadig viktigere. Samtidig som generatorkraft begynner \u00e5 f\u00e5 selskap av sol- og vindkraft, \u00f8ker ogs\u00e5 bruken av elektronikk i den elektriske kilden. Sammen med ulike typer spenningsomforming, ved hjelp av omformere og frekvensstyrte motorer, er problemene med str\u00f8mkvalitet. I hele str\u00f8mnettet finnes det komponenter som forstyrrer den optimale sinuskurven vi er ... Read More\" \/>\n<meta property=\"og:url\" content=\"https:\/\/tramoetv.se\/no\/tilbyr-ulike-transformatorer-induktorer-og-filtre\/filtre-stromkvalitetsfiltre-sinusfiltre-og-harmoniske-filtre-osv\/\" \/>\n<meta property=\"og:site_name\" content=\"Tramo\" \/>\n<meta property=\"article:modified_time\" content=\"2026-03-25T16:13:58+00:00\" \/>\n<meta name=\"twitter:card\" content=\"summary_large_image\" \/>\n<meta name=\"twitter:label1\" content=\"Ansl. lesetid\" \/>\n\t<meta name=\"twitter:data1\" content=\"4 minutter\" \/>\n<script type=\"application\/ld+json\" class=\"yoast-schema-graph\">{\"@context\":\"https:\\\/\\\/schema.org\",\"@graph\":[{\"@type\":\"WebPage\",\"@id\":\"https:\\\/\\\/tramoetv.se\\\/no\\\/tilbyr-ulike-transformatorer-induktorer-og-filtre\\\/filtre-stromkvalitetsfiltre-sinusfiltre-og-harmoniske-filtre-osv\\\/\",\"url\":\"https:\\\/\\\/tramoetv.se\\\/no\\\/tilbyr-ulike-transformatorer-induktorer-og-filtre\\\/filtre-stromkvalitetsfiltre-sinusfiltre-og-harmoniske-filtre-osv\\\/\",\"name\":\"Filtre - str\u00f8mkvalitetsfiltre, sinusfiltre og harmoniske filtre osv. - Tramo\",\"isPartOf\":{\"@id\":\"https:\\\/\\\/tramoetv.se\\\/no\\\/#website\"},\"datePublished\":\"2023-08-30T15:56:04+00:00\",\"dateModified\":\"2026-03-25T16:13:58+00:00\",\"breadcrumb\":{\"@id\":\"https:\\\/\\\/tramoetv.se\\\/no\\\/tilbyr-ulike-transformatorer-induktorer-og-filtre\\\/filtre-stromkvalitetsfiltre-sinusfiltre-og-harmoniske-filtre-osv\\\/#breadcrumb\"},\"inLanguage\":\"nb-NO\",\"potentialAction\":[{\"@type\":\"ReadAction\",\"target\":[\"https:\\\/\\\/tramoetv.se\\\/no\\\/tilbyr-ulike-transformatorer-induktorer-og-filtre\\\/filtre-stromkvalitetsfiltre-sinusfiltre-og-harmoniske-filtre-osv\\\/\"]}]},{\"@type\":\"BreadcrumbList\",\"@id\":\"https:\\\/\\\/tramoetv.se\\\/no\\\/tilbyr-ulike-transformatorer-induktorer-og-filtre\\\/filtre-stromkvalitetsfiltre-sinusfiltre-og-harmoniske-filtre-osv\\\/#breadcrumb\",\"itemListElement\":[{\"@type\":\"ListItem\",\"position\":1,\"name\":\"Hem\",\"item\":\"https:\\\/\\\/tramoetv.se\\\/no\\\/produserer-transformatorer-induktorer-filtre-og-drossler\\\/\"},{\"@type\":\"ListItem\",\"position\":2,\"name\":\"Tilbyr ulike transformatorer, induktorer og filtre\",\"item\":\"https:\\\/\\\/tramoetv.se\\\/no\\\/tilbyr-ulike-transformatorer-induktorer-og-filtre\\\/\"},{\"@type\":\"ListItem\",\"position\":3,\"name\":\"Filtre &#8211; str\u00f8mkvalitetsfiltre, sinusfiltre og harmoniske filtre osv.\"}]},{\"@type\":\"WebSite\",\"@id\":\"https:\\\/\\\/tramoetv.se\\\/no\\\/#website\",\"url\":\"https:\\\/\\\/tramoetv.se\\\/no\\\/\",\"name\":\"Tramo ETV\",\"description\":\"Transforming the world\",\"publisher\":{\"@id\":\"https:\\\/\\\/tramoetv.se\\\/no\\\/#organization\"},\"potentialAction\":[{\"@type\":\"SearchAction\",\"target\":{\"@type\":\"EntryPoint\",\"urlTemplate\":\"https:\\\/\\\/tramoetv.se\\\/no\\\/?s={search_term_string}\"},\"query-input\":{\"@type\":\"PropertyValueSpecification\",\"valueRequired\":true,\"valueName\":\"search_term_string\"}}],\"inLanguage\":\"nb-NO\"},{\"@type\":\"Organization\",\"@id\":\"https:\\\/\\\/tramoetv.se\\\/no\\\/#organization\",\"name\":\"Tramo ETV AB\",\"url\":\"https:\\\/\\\/tramoetv.se\\\/no\\\/\",\"logo\":{\"@type\":\"ImageObject\",\"inLanguage\":\"nb-NO\",\"@id\":\"https:\\\/\\\/tramoetv.se\\\/no\\\/#\\\/schema\\\/logo\\\/image\\\/\",\"url\":\"https:\\\/\\\/tramoetv.se\\\/wp-content\\\/uploads\\\/2023\\\/01\\\/Tramo_logga_gron_800px.png\",\"contentUrl\":\"https:\\\/\\\/tramoetv.se\\\/wp-content\\\/uploads\\\/2023\\\/01\\\/Tramo_logga_gron_800px.png\",\"width\":800,\"height\":104,\"caption\":\"Tramo ETV AB\"},\"image\":{\"@id\":\"https:\\\/\\\/tramoetv.se\\\/no\\\/#\\\/schema\\\/logo\\\/image\\\/\"},\"sameAs\":[\"https:\\\/\\\/www.linkedin.com\\\/company\\\/tramo-etv-ab\\\/\"]}]}<\/script>\n<!-- \/ Yoast SEO plugin. -->","yoast_head_json":{"title":"Filtre - str\u00f8mkvalitetsfiltre, sinusfiltre og harmoniske filtre osv. - Tramo","robots":{"index":"index","follow":"follow","max-snippet":"max-snippet:-1","max-image-preview":"max-image-preview:large","max-video-preview":"max-video-preview:-1"},"canonical":"https:\/\/tramoetv.se\/no\/tilbyr-ulike-transformatorer-induktorer-og-filtre\/filtre-stromkvalitetsfiltre-sinusfiltre-og-harmoniske-filtre-osv\/","og_locale":"nb_NO","og_type":"article","og_title":"Filtre - str\u00f8mkvalitetsfiltre, sinusfiltre og harmoniske filtre osv. - Tramo","og_description":"Tramo ETV produserer og leverer filtre i verdensklasse Filtre forbedrer str\u00f8mkvaliteten din Etter hvert som str\u00f8mnettene v\u00e5re blir mindre stabile, blir sp\u00f8rsm\u00e5let om str\u00f8mkvalitet stadig viktigere. Samtidig som generatorkraft begynner \u00e5 f\u00e5 selskap av sol- og vindkraft, \u00f8ker ogs\u00e5 bruken av elektronikk i den elektriske kilden. Sammen med ulike typer spenningsomforming, ved hjelp av omformere og frekvensstyrte motorer, er problemene med str\u00f8mkvalitet. I hele str\u00f8mnettet finnes det komponenter som forstyrrer den optimale sinuskurven vi er ... Read More","og_url":"https:\/\/tramoetv.se\/no\/tilbyr-ulike-transformatorer-induktorer-og-filtre\/filtre-stromkvalitetsfiltre-sinusfiltre-og-harmoniske-filtre-osv\/","og_site_name":"Tramo","article_modified_time":"2026-03-25T16:13:58+00:00","twitter_card":"summary_large_image","twitter_misc":{"Ansl. lesetid":"4 minutter"},"schema":{"@context":"https:\/\/schema.org","@graph":[{"@type":"WebPage","@id":"https:\/\/tramoetv.se\/no\/tilbyr-ulike-transformatorer-induktorer-og-filtre\/filtre-stromkvalitetsfiltre-sinusfiltre-og-harmoniske-filtre-osv\/","url":"https:\/\/tramoetv.se\/no\/tilbyr-ulike-transformatorer-induktorer-og-filtre\/filtre-stromkvalitetsfiltre-sinusfiltre-og-harmoniske-filtre-osv\/","name":"Filtre - str\u00f8mkvalitetsfiltre, sinusfiltre og harmoniske filtre osv. - Tramo","isPartOf":{"@id":"https:\/\/tramoetv.se\/no\/#website"},"datePublished":"2023-08-30T15:56:04+00:00","dateModified":"2026-03-25T16:13:58+00:00","breadcrumb":{"@id":"https:\/\/tramoetv.se\/no\/tilbyr-ulike-transformatorer-induktorer-og-filtre\/filtre-stromkvalitetsfiltre-sinusfiltre-og-harmoniske-filtre-osv\/#breadcrumb"},"inLanguage":"nb-NO","potentialAction":[{"@type":"ReadAction","target":["https:\/\/tramoetv.se\/no\/tilbyr-ulike-transformatorer-induktorer-og-filtre\/filtre-stromkvalitetsfiltre-sinusfiltre-og-harmoniske-filtre-osv\/"]}]},{"@type":"BreadcrumbList","@id":"https:\/\/tramoetv.se\/no\/tilbyr-ulike-transformatorer-induktorer-og-filtre\/filtre-stromkvalitetsfiltre-sinusfiltre-og-harmoniske-filtre-osv\/#breadcrumb","itemListElement":[{"@type":"ListItem","position":1,"name":"Hem","item":"https:\/\/tramoetv.se\/no\/produserer-transformatorer-induktorer-filtre-og-drossler\/"},{"@type":"ListItem","position":2,"name":"Tilbyr ulike transformatorer, induktorer og filtre","item":"https:\/\/tramoetv.se\/no\/tilbyr-ulike-transformatorer-induktorer-og-filtre\/"},{"@type":"ListItem","position":3,"name":"Filtre &#8211; str\u00f8mkvalitetsfiltre, sinusfiltre og harmoniske filtre osv."}]},{"@type":"WebSite","@id":"https:\/\/tramoetv.se\/no\/#website","url":"https:\/\/tramoetv.se\/no\/","name":"Tramo ETV","description":"Transforming the world","publisher":{"@id":"https:\/\/tramoetv.se\/no\/#organization"},"potentialAction":[{"@type":"SearchAction","target":{"@type":"EntryPoint","urlTemplate":"https:\/\/tramoetv.se\/no\/?s={search_term_string}"},"query-input":{"@type":"PropertyValueSpecification","valueRequired":true,"valueName":"search_term_string"}}],"inLanguage":"nb-NO"},{"@type":"Organization","@id":"https:\/\/tramoetv.se\/no\/#organization","name":"Tramo ETV AB","url":"https:\/\/tramoetv.se\/no\/","logo":{"@type":"ImageObject","inLanguage":"nb-NO","@id":"https:\/\/tramoetv.se\/no\/#\/schema\/logo\/image\/","url":"https:\/\/tramoetv.se\/wp-content\/uploads\/2023\/01\/Tramo_logga_gron_800px.png","contentUrl":"https:\/\/tramoetv.se\/wp-content\/uploads\/2023\/01\/Tramo_logga_gron_800px.png","width":800,"height":104,"caption":"Tramo ETV AB"},"image":{"@id":"https:\/\/tramoetv.se\/no\/#\/schema\/logo\/image\/"},"sameAs":["https:\/\/www.linkedin.com\/company\/tramo-etv-ab\/"]}]}},"_links":{"self":[{"href":"https:\/\/tramoetv.se\/no\/wp-json\/wp\/v2\/pages\/2976","targetHints":{"allow":["GET"]}}],"collection":[{"href":"https:\/\/tramoetv.se\/no\/wp-json\/wp\/v2\/pages"}],"about":[{"href":"https:\/\/tramoetv.se\/no\/wp-json\/wp\/v2\/types\/page"}],"author":[{"embeddable":true,"href":"https:\/\/tramoetv.se\/no\/wp-json\/wp\/v2\/users\/1"}],"replies":[{"embeddable":true,"href":"https:\/\/tramoetv.se\/no\/wp-json\/wp\/v2\/comments?post=2976"}],"version-history":[{"count":12,"href":"https:\/\/tramoetv.se\/no\/wp-json\/wp\/v2\/pages\/2976\/revisions"}],"predecessor-version":[{"id":3826,"href":"https:\/\/tramoetv.se\/no\/wp-json\/wp\/v2\/pages\/2976\/revisions\/3826"}],"up":[{"embeddable":true,"href":"https:\/\/tramoetv.se\/no\/wp-json\/wp\/v2\/pages\/2974"}],"wp:attachment":[{"href":"https:\/\/tramoetv.se\/no\/wp-json\/wp\/v2\/media?parent=2976"}],"curies":[{"name":"wp","href":"https:\/\/api.w.org\/{rel}","templated":true}]}}