{"id":3409,"date":"2025-11-18T07:52:58","date_gmt":"2025-11-18T06:52:58","guid":{"rendered":"https:\/\/tramoetv.se\/?page_id=3409"},"modified":"2025-11-18T10:44:54","modified_gmt":"2025-11-18T09:44:54","slug":"transformatorer-isolasjonstransformatorer-2","status":"publish","type":"page","link":"https:\/\/tramoetv.se\/no\/tilbyr-ulike-transformatorer-induktorer-og-filtre\/transformatorer-isolasjonstransformatorer-2\/","title":{"rendered":"Transformatorer &#8211; Autotransformator &#8211; Autotransformator"},"content":{"rendered":"<div id=\"cs-content\" class=\"cs-content\"><\/div>\n","protected":false},"excerpt":{"rendered":"<p>Tramo produserer ulike typer transformatorer Svenskproduserte autotransformatorer av h\u00f8y kvalitet Er du p\u00e5 utkikk etter en svenskprodusert autotransformator med mulighet for rask levering? Da har du funnet rett sted, for vi produserer transformatorene v\u00e5re i fabrikken v\u00e5r i Esl\u00f6v i S\u00f8r-Sverige. Her produserer vi produkter med korte ledetider, i b\u00e5de store og sm\u00e5 serier. Gjennom v\u00e5r service Trafoakuten tilbyr vi raske leveranser, og selv kundetilpassede autotransformatorer kan ofte v\u00e6re klare innen 48 timer. N\u00e5r det &#8230; <a href=\"https:\/\/tramoetv.se\/no\/tilbyr-ulike-transformatorer-induktorer-og-filtre\/transformatorer-isolasjonstransformatorer-2\/\" class=\"more-link\">Read More<\/a><\/p>\n","protected":false},"author":2,"featured_media":0,"parent":2974,"menu_order":0,"comment_status":"closed","ping_status":"closed","template":"template-blank-4.php","meta":{"footnotes":""},"class_list":["post-3409","page","type-page","status-publish","hentry","no-post-thumbnail"],"yoast_head":"<!-- This site is optimized with the Yoast SEO plugin v27.5 - https:\/\/yoast.com\/product\/yoast-seo-wordpress\/ -->\n<title>Transformers - Autotransformator | Tramo<\/title>\n<meta name=\"description\" content=\"Tramo er en produsent av autotransformatorer med fabrikk i S\u00f8r-Sverige. Her produserer vi kundetilpassede produkter med korte ledetider.\" \/>\n<meta name=\"robots\" content=\"index, follow, max-snippet:-1, max-image-preview:large, max-video-preview:-1\" \/>\n<link rel=\"canonical\" href=\"https:\/\/tramoetv.se\/no\/tilbyr-ulike-transformatorer-induktorer-og-filtre\/transformatorer-isolasjonstransformatorer-2\/\" \/>\n<meta property=\"og:locale\" content=\"nb_NO\" \/>\n<meta property=\"og:type\" content=\"article\" \/>\n<meta property=\"og:title\" content=\"Transformers - Autotransformator | Tramo\" \/>\n<meta property=\"og:description\" content=\"Tramo er en produsent av autotransformatorer med fabrikk i S\u00f8r-Sverige. Her produserer vi kundetilpassede produkter med korte ledetider.\" \/>\n<meta property=\"og:url\" content=\"https:\/\/tramoetv.se\/no\/tilbyr-ulike-transformatorer-induktorer-og-filtre\/transformatorer-isolasjonstransformatorer-2\/\" \/>\n<meta property=\"og:site_name\" content=\"Tramo\" \/>\n<meta property=\"article:modified_time\" content=\"2025-11-18T09:44:54+00:00\" \/>\n<meta name=\"twitter:card\" content=\"summary_large_image\" \/>\n<meta name=\"twitter:label1\" content=\"Ansl. lesetid\" \/>\n\t<meta name=\"twitter:data1\" content=\"4 minutter\" \/>\n<script type=\"application\/ld+json\" class=\"yoast-schema-graph\">{\"@context\":\"https:\\\/\\\/schema.org\",\"@graph\":[{\"@type\":\"WebPage\",\"@id\":\"https:\\\/\\\/tramoetv.se\\\/no\\\/tilbyr-ulike-transformatorer-induktorer-og-filtre\\\/transformatorer-isolasjonstransformatorer-2\\\/\",\"url\":\"https:\\\/\\\/tramoetv.se\\\/no\\\/tilbyr-ulike-transformatorer-induktorer-og-filtre\\\/transformatorer-isolasjonstransformatorer-2\\\/\",\"name\":\"Transformers - Autotransformator | Tramo\",\"isPartOf\":{\"@id\":\"https:\\\/\\\/tramoetv.se\\\/no\\\/#website\"},\"datePublished\":\"2025-11-18T06:52:58+00:00\",\"dateModified\":\"2025-11-18T09:44:54+00:00\",\"description\":\"Tramo er en produsent av autotransformatorer med fabrikk i S\u00f8r-Sverige. Her produserer vi kundetilpassede produkter med korte ledetider.\",\"breadcrumb\":{\"@id\":\"https:\\\/\\\/tramoetv.se\\\/no\\\/tilbyr-ulike-transformatorer-induktorer-og-filtre\\\/transformatorer-isolasjonstransformatorer-2\\\/#breadcrumb\"},\"inLanguage\":\"nb-NO\",\"potentialAction\":[{\"@type\":\"ReadAction\",\"target\":[\"https:\\\/\\\/tramoetv.se\\\/no\\\/tilbyr-ulike-transformatorer-induktorer-og-filtre\\\/transformatorer-isolasjonstransformatorer-2\\\/\"]}]},{\"@type\":\"BreadcrumbList\",\"@id\":\"https:\\\/\\\/tramoetv.se\\\/no\\\/tilbyr-ulike-transformatorer-induktorer-og-filtre\\\/transformatorer-isolasjonstransformatorer-2\\\/#breadcrumb\",\"itemListElement\":[{\"@type\":\"ListItem\",\"position\":1,\"name\":\"Hem\",\"item\":\"https:\\\/\\\/tramoetv.se\\\/no\\\/produserer-transformatorer-induktorer-filtre-og-drossler\\\/\"},{\"@type\":\"ListItem\",\"position\":2,\"name\":\"Tilbyr ulike transformatorer, induktorer og filtre\",\"item\":\"https:\\\/\\\/tramoetv.se\\\/no\\\/tilbyr-ulike-transformatorer-induktorer-og-filtre\\\/\"},{\"@type\":\"ListItem\",\"position\":3,\"name\":\"Transformatorer &#8211; Autotransformator &#8211; Autotransformator\"}]},{\"@type\":\"WebSite\",\"@id\":\"https:\\\/\\\/tramoetv.se\\\/no\\\/#website\",\"url\":\"https:\\\/\\\/tramoetv.se\\\/no\\\/\",\"name\":\"Tramo ETV\",\"description\":\"Transforming the world\",\"publisher\":{\"@id\":\"https:\\\/\\\/tramoetv.se\\\/no\\\/#organization\"},\"potentialAction\":[{\"@type\":\"SearchAction\",\"target\":{\"@type\":\"EntryPoint\",\"urlTemplate\":\"https:\\\/\\\/tramoetv.se\\\/no\\\/?s={search_term_string}\"},\"query-input\":{\"@type\":\"PropertyValueSpecification\",\"valueRequired\":true,\"valueName\":\"search_term_string\"}}],\"inLanguage\":\"nb-NO\"},{\"@type\":\"Organization\",\"@id\":\"https:\\\/\\\/tramoetv.se\\\/no\\\/#organization\",\"name\":\"Tramo ETV AB\",\"url\":\"https:\\\/\\\/tramoetv.se\\\/no\\\/\",\"logo\":{\"@type\":\"ImageObject\",\"inLanguage\":\"nb-NO\",\"@id\":\"https:\\\/\\\/tramoetv.se\\\/no\\\/#\\\/schema\\\/logo\\\/image\\\/\",\"url\":\"https:\\\/\\\/tramoetv.se\\\/wp-content\\\/uploads\\\/2023\\\/01\\\/Tramo_logga_gron_800px.png\",\"contentUrl\":\"https:\\\/\\\/tramoetv.se\\\/wp-content\\\/uploads\\\/2023\\\/01\\\/Tramo_logga_gron_800px.png\",\"width\":800,\"height\":104,\"caption\":\"Tramo ETV AB\"},\"image\":{\"@id\":\"https:\\\/\\\/tramoetv.se\\\/no\\\/#\\\/schema\\\/logo\\\/image\\\/\"},\"sameAs\":[\"https:\\\/\\\/www.linkedin.com\\\/company\\\/tramo-etv-ab\\\/\"]}]}<\/script>\n<!-- \/ Yoast SEO plugin. -->","yoast_head_json":{"title":"Transformers - Autotransformator | Tramo","description":"Tramo er en produsent av autotransformatorer med fabrikk i S\u00f8r-Sverige. Her produserer vi kundetilpassede produkter med korte ledetider.","robots":{"index":"index","follow":"follow","max-snippet":"max-snippet:-1","max-image-preview":"max-image-preview:large","max-video-preview":"max-video-preview:-1"},"canonical":"https:\/\/tramoetv.se\/no\/tilbyr-ulike-transformatorer-induktorer-og-filtre\/transformatorer-isolasjonstransformatorer-2\/","og_locale":"nb_NO","og_type":"article","og_title":"Transformers - Autotransformator | Tramo","og_description":"Tramo er en produsent av autotransformatorer med fabrikk i S\u00f8r-Sverige. Her produserer vi kundetilpassede produkter med korte ledetider.","og_url":"https:\/\/tramoetv.se\/no\/tilbyr-ulike-transformatorer-induktorer-og-filtre\/transformatorer-isolasjonstransformatorer-2\/","og_site_name":"Tramo","article_modified_time":"2025-11-18T09:44:54+00:00","twitter_card":"summary_large_image","twitter_misc":{"Ansl. lesetid":"4 minutter"},"schema":{"@context":"https:\/\/schema.org","@graph":[{"@type":"WebPage","@id":"https:\/\/tramoetv.se\/no\/tilbyr-ulike-transformatorer-induktorer-og-filtre\/transformatorer-isolasjonstransformatorer-2\/","url":"https:\/\/tramoetv.se\/no\/tilbyr-ulike-transformatorer-induktorer-og-filtre\/transformatorer-isolasjonstransformatorer-2\/","name":"Transformers - Autotransformator | Tramo","isPartOf":{"@id":"https:\/\/tramoetv.se\/no\/#website"},"datePublished":"2025-11-18T06:52:58+00:00","dateModified":"2025-11-18T09:44:54+00:00","description":"Tramo er en produsent av autotransformatorer med fabrikk i S\u00f8r-Sverige. Her produserer vi kundetilpassede produkter med korte ledetider.","breadcrumb":{"@id":"https:\/\/tramoetv.se\/no\/tilbyr-ulike-transformatorer-induktorer-og-filtre\/transformatorer-isolasjonstransformatorer-2\/#breadcrumb"},"inLanguage":"nb-NO","potentialAction":[{"@type":"ReadAction","target":["https:\/\/tramoetv.se\/no\/tilbyr-ulike-transformatorer-induktorer-og-filtre\/transformatorer-isolasjonstransformatorer-2\/"]}]},{"@type":"BreadcrumbList","@id":"https:\/\/tramoetv.se\/no\/tilbyr-ulike-transformatorer-induktorer-og-filtre\/transformatorer-isolasjonstransformatorer-2\/#breadcrumb","itemListElement":[{"@type":"ListItem","position":1,"name":"Hem","item":"https:\/\/tramoetv.se\/no\/produserer-transformatorer-induktorer-filtre-og-drossler\/"},{"@type":"ListItem","position":2,"name":"Tilbyr ulike transformatorer, induktorer og filtre","item":"https:\/\/tramoetv.se\/no\/tilbyr-ulike-transformatorer-induktorer-og-filtre\/"},{"@type":"ListItem","position":3,"name":"Transformatorer &#8211; Autotransformator &#8211; Autotransformator"}]},{"@type":"WebSite","@id":"https:\/\/tramoetv.se\/no\/#website","url":"https:\/\/tramoetv.se\/no\/","name":"Tramo ETV","description":"Transforming the world","publisher":{"@id":"https:\/\/tramoetv.se\/no\/#organization"},"potentialAction":[{"@type":"SearchAction","target":{"@type":"EntryPoint","urlTemplate":"https:\/\/tramoetv.se\/no\/?s={search_term_string}"},"query-input":{"@type":"PropertyValueSpecification","valueRequired":true,"valueName":"search_term_string"}}],"inLanguage":"nb-NO"},{"@type":"Organization","@id":"https:\/\/tramoetv.se\/no\/#organization","name":"Tramo ETV AB","url":"https:\/\/tramoetv.se\/no\/","logo":{"@type":"ImageObject","inLanguage":"nb-NO","@id":"https:\/\/tramoetv.se\/no\/#\/schema\/logo\/image\/","url":"https:\/\/tramoetv.se\/wp-content\/uploads\/2023\/01\/Tramo_logga_gron_800px.png","contentUrl":"https:\/\/tramoetv.se\/wp-content\/uploads\/2023\/01\/Tramo_logga_gron_800px.png","width":800,"height":104,"caption":"Tramo ETV AB"},"image":{"@id":"https:\/\/tramoetv.se\/no\/#\/schema\/logo\/image\/"},"sameAs":["https:\/\/www.linkedin.com\/company\/tramo-etv-ab\/"]}]}},"_links":{"self":[{"href":"https:\/\/tramoetv.se\/no\/wp-json\/wp\/v2\/pages\/3409","targetHints":{"allow":["GET"]}}],"collection":[{"href":"https:\/\/tramoetv.se\/no\/wp-json\/wp\/v2\/pages"}],"about":[{"href":"https:\/\/tramoetv.se\/no\/wp-json\/wp\/v2\/types\/page"}],"author":[{"embeddable":true,"href":"https:\/\/tramoetv.se\/no\/wp-json\/wp\/v2\/users\/2"}],"replies":[{"embeddable":true,"href":"https:\/\/tramoetv.se\/no\/wp-json\/wp\/v2\/comments?post=3409"}],"version-history":[{"count":6,"href":"https:\/\/tramoetv.se\/no\/wp-json\/wp\/v2\/pages\/3409\/revisions"}],"predecessor-version":[{"id":3432,"href":"https:\/\/tramoetv.se\/no\/wp-json\/wp\/v2\/pages\/3409\/revisions\/3432"}],"up":[{"embeddable":true,"href":"https:\/\/tramoetv.se\/no\/wp-json\/wp\/v2\/pages\/2974"}],"wp:attachment":[{"href":"https:\/\/tramoetv.se\/no\/wp-json\/wp\/v2\/media?parent=3409"}],"curies":[{"name":"wp","href":"https:\/\/api.w.org\/{rel}","templated":true}]}}